{"id":2115,"date":"2025-04-16T16:59:46","date_gmt":"2025-04-16T15:59:46","guid":{"rendered":"https:\/\/echeverriafarriols.com\/?page_id=2115"},"modified":"2025-06-26T18:07:53","modified_gmt":"2025-06-26T17:07:53","slug":"reagrupacion-familiar","status":"publish","type":"page","link":"https:\/\/echeverriafarriols.com\/en\/reagrupacion-familiar\/","title":{"rendered":"Family reunification"},"content":{"rendered":"<div data-elementor-type=\"wp-page\" data-elementor-id=\"2115\" class=\"elementor elementor-2115\" data-elementor-post-type=\"page\">\n\t\t\t\t<div class=\"elementor-element elementor-element-2bb4f66 e-con-full e-flex e-con e-parent\" data-id=\"2bb4f66\" data-element_type=\"container\" data-e-type=\"container\">\n\t\t\t\t<div class=\"elementor-element elementor-element-7ccbf22 elementor-widget elementor-widget-heading\" data-id=\"7ccbf22\" data-element_type=\"widget\" data-e-type=\"widget\" data-widget_type=\"heading.default\">\n\t\t\t\t<div class=\"elementor-widget-container\">\n\t\t\t\t\t<h2 class=\"elementor-heading-title elementor-size-default\">Residences and Stays<\/h2>\t\t\t\t<\/div>\n\t\t\t\t<\/div>\n\t\t\t\t<\/div>\n\t\t<div class=\"elementor-element elementor-element-0fb166a e-flex e-con-boxed e-con e-parent\" data-id=\"0fb166a\" data-element_type=\"container\" data-e-type=\"container\">\n\t\t\t\t\t<div class=\"e-con-inner\">\n\t\t\t\t<div class=\"elementor-element elementor-element-6bd33d9 elementor-widget elementor-widget-text-editor\" data-id=\"6bd33d9\" data-element_type=\"widget\" data-e-type=\"widget\" data-widget_type=\"text-editor.default\">\n\t\t\t\t<div class=\"elementor-widget-container\">\n\t\t\t\t\t\t\t\t\t<p class=\"p1\">Family reunification allows foreigners already legally residing in Spain to bring their loved ones to live together in the country. This right recognises the importance of family unity and is regulated in the new Reglamento de Extranjer\u00eda approved in November 2024.<\/p>\t\t\t\t\t\t\t\t<\/div>\n\t\t\t\t<\/div>\n\t\t\t\t\t<\/div>\n\t\t\t\t<\/div>\n\t\t<div class=\"elementor-element elementor-element-d77a5c9 e-flex e-con-boxed e-con e-parent\" data-id=\"d77a5c9\" data-element_type=\"container\" data-e-type=\"container\">\n\t\t\t\t\t<div class=\"e-con-inner\">\n\t\t<div class=\"elementor-element elementor-element-fb2d83b e-flex e-con-boxed e-con e-child\" data-id=\"fb2d83b\" data-element_type=\"container\" data-e-type=\"container\">\n\t\t\t\t\t<div class=\"e-con-inner\">\n\t\t\t\t<div class=\"elementor-element elementor-element-bf460ad elementor-position-inline-start elementor-mobile-position-inline-start elementor-view-default elementor-widget elementor-widget-icon-box\" data-id=\"bf460ad\" data-element_type=\"widget\" data-e-type=\"widget\" data-widget_type=\"icon-box.default\">\n\t\t\t\t<div class=\"elementor-widget-container\">\n\t\t\t\t\t\t\t<div class=\"elementor-icon-box-wrapper\">\n\n\t\t\t\t\t\t<div class=\"elementor-icon-box-icon\">\n\t\t\t\t<span  class=\"elementor-icon\">\n\t\t\t\t<i aria-hidden=\"true\" class=\"fas fa-question-circle\"><\/i>\t\t\t\t<\/span>\n\t\t\t<\/div>\n\t\t\t\n\t\t\t\t\t\t<div class=\"elementor-icon-box-content\">\n\n\t\t\t\t\n\t\t\t\t\t\t\t\t\t<p class=\"elementor-icon-box-description\">\n\t\t\t\t\t\t<b>WHO CAN YOU REGROUP?<\/b>\n\t\t\t\t\t<\/p>\n\t\t\t\t\n\t\t\t<\/div>\n\t\t\t\n\t\t<\/div>\n\t\t\t\t\t\t<\/div>\n\t\t\t\t<\/div>\n\t\t\t\t<div class=\"elementor-element elementor-element-9088342 elementor-widget elementor-widget-text-editor\" data-id=\"9088342\" data-element_type=\"widget\" data-e-type=\"widget\" data-widget_type=\"text-editor.default\">\n\t\t\t\t<div class=\"elementor-widget-container\">\n\t\t\t\t\t\t\t\t\t<p class=\"p1\">As a resident in Spain, you can regroup:<\/p><ul class=\"ul1\"><li class=\"li1\">Your spouse or partner (provided he\/she is of legal age and there is no legal separation).<\/li><li class=\"li1\">Your stable partner, even if they are not registered, as long as you can prove that you are actually living together.<\/li><li class=\"li1\">Children under 18 years of age or older children with disabilities.<\/li><li class=\"li1\">Ascendants (parents or parents-in-law) over 65 years of age <b>if they are in your care<\/b> and you meet certain requirements.<\/li><li class=\"li1\">In some special cases, even older children to take care of you if you have a recognised degree of dependency.<\/li><\/ul>\t\t\t\t\t\t\t\t<\/div>\n\t\t\t\t<\/div>\n\t\t\t\t<div class=\"elementor-element elementor-element-a176aaa elementor-position-inline-start elementor-mobile-position-inline-start elementor-view-default elementor-widget elementor-widget-icon-box\" data-id=\"a176aaa\" data-element_type=\"widget\" data-e-type=\"widget\" data-widget_type=\"icon-box.default\">\n\t\t\t\t<div class=\"elementor-widget-container\">\n\t\t\t\t\t\t\t<div class=\"elementor-icon-box-wrapper\">\n\n\t\t\t\t\t\t<div class=\"elementor-icon-box-icon\">\n\t\t\t\t<span  class=\"elementor-icon\">\n\t\t\t\t<i aria-hidden=\"true\" class=\"fas fa-check\"><\/i>\t\t\t\t<\/span>\n\t\t\t<\/div>\n\t\t\t\n\t\t\t\t\t\t<div class=\"elementor-icon-box-content\">\n\n\t\t\t\t\n\t\t\t\t\t\t\t\t\t<p class=\"elementor-icon-box-description\">\n\t\t\t\t\t\t<b>REQUIREMENTS<\/b>\n\t\t\t\t\t<\/p>\n\t\t\t\t\n\t\t\t<\/div>\n\t\t\t\n\t\t<\/div>\n\t\t\t\t\t\t<\/div>\n\t\t\t\t<\/div>\n\t\t\t\t<div class=\"elementor-element elementor-element-32e229c elementor-widget elementor-widget-text-editor\" data-id=\"32e229c\" data-element_type=\"widget\" data-e-type=\"widget\" data-widget_type=\"text-editor.default\">\n\t\t\t\t<div class=\"elementor-widget-container\">\n\t\t\t\t\t\t\t\t\t<p class=\"p1\">In order to be able to reunite your family, you must prove that:<\/p><ul class=\"ul1\"><li class=\"li1\">You have been legally resident in Spain for at least 1 year.<\/li><li class=\"li1\">You have sufficient financial means to support your family members (in general, 150 % of the IPREM plus an additional 50 % for each family member).<\/li><li class=\"li1\">You have adequate housing, which is proven by a report from your autonomous community.<\/li><li class=\"li1\">You have health insurance and comply with your tax and social security obligations.<\/li><\/ul>\t\t\t\t\t\t\t\t<\/div>\n\t\t\t\t<\/div>\n\t\t\t\t<div class=\"elementor-element elementor-element-9ee0961 elementor-position-inline-start elementor-mobile-position-inline-start elementor-view-default elementor-widget elementor-widget-icon-box\" data-id=\"9ee0961\" data-element_type=\"widget\" data-e-type=\"widget\" data-widget_type=\"icon-box.default\">\n\t\t\t\t<div class=\"elementor-widget-container\">\n\t\t\t\t\t\t\t<div class=\"elementor-icon-box-wrapper\">\n\n\t\t\t\t\t\t<div class=\"elementor-icon-box-icon\">\n\t\t\t\t<span  class=\"elementor-icon\">\n\t\t\t\t<i aria-hidden=\"true\" class=\"fas fa-arrow-alt-circle-right\"><\/i>\t\t\t\t<\/span>\n\t\t\t<\/div>\n\t\t\t\n\t\t\t\t\t\t<div class=\"elementor-icon-box-content\">\n\n\t\t\t\t\n\t\t\t\t\t\t\t\t\t<p class=\"elementor-icon-box-description\">\n\t\t\t\t\t\t<b>PROCEDURE<\/b>\t\t\t\t\t<\/p>\n\t\t\t\t\n\t\t\t<\/div>\n\t\t\t\n\t\t<\/div>\n\t\t\t\t\t\t<\/div>\n\t\t\t\t<\/div>\n\t\t\t\t<div class=\"elementor-element elementor-element-7edbd1a elementor-widget elementor-widget-text-editor\" data-id=\"7edbd1a\" data-element_type=\"widget\" data-e-type=\"widget\" data-widget_type=\"text-editor.default\">\n\t\t\t\t<div class=\"elementor-widget-container\">\n\t\t\t\t\t\t\t\t\t<p class=\"p1\">The application is submitted to the Immigration Office. Once approved, the family member may apply for a visa in their country of origin to come to Spain. In some cases, as long-term residents, parents can be reunited without waiting for a second year of residence.<\/p><p class=\"p1\">The procedure is preferential and is therefore processed quickly.<\/p>\t\t\t\t\t\t\t\t<\/div>\n\t\t\t\t<\/div>\n\t\t\t\t<div class=\"elementor-element elementor-element-fda3063 elementor-position-inline-start elementor-mobile-position-inline-start elementor-view-default elementor-widget elementor-widget-icon-box\" data-id=\"fda3063\" data-element_type=\"widget\" data-e-type=\"widget\" data-widget_type=\"icon-box.default\">\n\t\t\t\t<div class=\"elementor-widget-container\">\n\t\t\t\t\t\t\t<div class=\"elementor-icon-box-wrapper\">\n\n\t\t\t\t\t\t<div class=\"elementor-icon-box-icon\">\n\t\t\t\t<span  class=\"elementor-icon\">\n\t\t\t\t<i aria-hidden=\"true\" class=\"fas fa-info-circle\"><\/i>\t\t\t\t<\/span>\n\t\t\t<\/div>\n\t\t\t\n\t\t\t\t\t\t<div class=\"elementor-icon-box-content\">\n\n\t\t\t\t\n\t\t\t\t\t\t\t\t\t<p class=\"elementor-icon-box-description\">\n\t\t\t\t\t\t<b>WHAT IF THE FAMILY MEMBER WISHES TO WORK OR LIVE INDEPENDENTLY?<\/b>\t\t\t\t\t<\/p>\n\t\t\t\t\n\t\t\t<\/div>\n\t\t\t\n\t\t<\/div>\n\t\t\t\t\t\t<\/div>\n\t\t\t\t<\/div>\n\t\t\t\t<div class=\"elementor-element elementor-element-68dc410 elementor-widget elementor-widget-text-editor\" data-id=\"68dc410\" data-element_type=\"widget\" data-e-type=\"widget\" data-widget_type=\"text-editor.default\">\n\t\t\t\t<div class=\"elementor-widget-container\">\n\t\t\t\t\t\t\t\t\t<p class=\"p1\">Once the family member has resided for at least one year in Spain, he\/she may apply for a residence authorisation. <b>independent<\/b>provided that you have your own income or an employment contract. This will allow you to stay in the country without being dependent on the sponsor.<\/p><p class=\"p1\">In addition, reunited family members may also reunite other members of their family if they meet the requirements.<\/p>\t\t\t\t\t\t\t\t<\/div>\n\t\t\t\t<\/div>\n\t\t\t\t<div class=\"elementor-element elementor-element-1703297 elementor-position-inline-start elementor-mobile-position-inline-start elementor-view-default elementor-widget elementor-widget-icon-box\" data-id=\"1703297\" data-element_type=\"widget\" data-e-type=\"widget\" data-widget_type=\"icon-box.default\">\n\t\t\t\t<div class=\"elementor-widget-container\">\n\t\t\t\t\t\t\t<div class=\"elementor-icon-box-wrapper\">\n\n\t\t\t\t\t\t<div class=\"elementor-icon-box-icon\">\n\t\t\t\t<span  class=\"elementor-icon\">\n\t\t\t\t<i aria-hidden=\"true\" class=\"fas fa-recycle\"><\/i>\t\t\t\t<\/span>\n\t\t\t<\/div>\n\t\t\t\n\t\t\t\t\t\t<div class=\"elementor-icon-box-content\">\n\n\t\t\t\t\n\t\t\t\t\t\t\t\t\t<p class=\"elementor-icon-box-description\">\n\t\t\t\t\t\t<b>RENEWAL OF FAMILY REUNIFICATION<\/b>\t\t\t\t\t<\/p>\n\t\t\t\t\n\t\t\t<\/div>\n\t\t\t\n\t\t<\/div>\n\t\t\t\t\t\t<\/div>\n\t\t\t\t<\/div>\n\t\t\t\t<div class=\"elementor-element elementor-element-b71db86 elementor-widget elementor-widget-text-editor\" data-id=\"b71db86\" data-element_type=\"widget\" data-e-type=\"widget\" data-widget_type=\"text-editor.default\">\n\t\t\t\t<div class=\"elementor-widget-container\">\n\t\t\t\t\t\t\t\t\t<p class=\"p1\">The authorisation is granted for a specified period and can be <b>renew<\/b> provided that:<\/p><ul class=\"ul1\"><li class=\"li1\">The financial and cohabitation requirements continue to be met.<\/li><li class=\"li1\">The required documents are submitted in due time and form.<\/li><li class=\"li1\">In some cases, a favourable integration report issued by the autonomous community will be required.<\/li><\/ul><p class=\"p1\">Renewal is for two years and must be applied for. <b>within the legal deadline<\/b>. In case of administrative silence (if no reply is received within three months), the application is deemed to have been approved.<\/p>\t\t\t\t\t\t\t\t<\/div>\n\t\t\t\t<\/div>\n\t\t\t\t\t<\/div>\n\t\t\t\t<\/div>\n\t\t\t\t\t<\/div>\n\t\t\t\t<\/div>\n\t\t<div class=\"elementor-element elementor-element-ed4e361 e-flex e-con-boxed e-con e-parent\" data-id=\"ed4e361\" data-element_type=\"container\" data-e-type=\"container\">\n\t\t\t\t\t<div class=\"e-con-inner\">\n\t\t\t\t<div class=\"elementor-element elementor-element-762c33d elementor-position-left elementor-vertical-align-middle elementor-widget elementor-widget-image-box\" data-id=\"762c33d\" data-element_type=\"widget\" data-e-type=\"widget\" data-widget_type=\"image-box.default\">\n\t\t\t\t<div class=\"elementor-widget-container\">\n\t\t\t\t\t<div class=\"elementor-image-box-wrapper\"><figure class=\"elementor-image-box-img\"><img decoding=\"async\" width=\"150\" height=\"150\" src=\"https:\/\/echeverriafarriols.com\/wp-content\/uploads\/2025\/03\/leyes-corporativas-150x150.png\" class=\"attachment-thumbnail size-thumbnail wp-image-1110\" alt=\"\" srcset=\"https:\/\/echeverriafarriols.com\/wp-content\/uploads\/2025\/03\/leyes-corporativas-150x150.png 150w, https:\/\/echeverriafarriols.com\/wp-content\/uploads\/2025\/03\/leyes-corporativas-300x300.png 300w, https:\/\/echeverriafarriols.com\/wp-content\/uploads\/2025\/03\/leyes-corporativas.png 512w\" sizes=\"(max-width: 150px) 100vw, 150px\" \/><\/figure><div class=\"elementor-image-box-content\"><p class=\"elementor-image-box-description\">At <b>Echeverr\u00eda Farriols Lawyers &amp; Associates<\/b> we advise you and manage the whole process of family reunification with a personalised, legally sound and close approach.<br> We take care of every detail so that you only have to worry about the most important thing: being with your loved ones.<br>\n<br>\n <b>Contact us and tell us about your case. We accompany you step by step<\/b>.\n<\/p><\/div><\/div>\t\t\t\t<\/div>\n\t\t\t\t<\/div>\n\t\t\t\t<div class=\"elementor-element elementor-element-b17dcc5 elementor-align-center elementor-widget elementor-widget-button\" data-id=\"b17dcc5\" data-element_type=\"widget\" data-e-type=\"widget\" data-widget_type=\"button.default\">\n\t\t\t\t<div class=\"elementor-widget-container\">\n\t\t\t\t\t\t\t\t\t<div class=\"elementor-button-wrapper\">\n\t\t\t\t\t<a class=\"elementor-button elementor-button-link elementor-size-sm\" href=\"https:\/\/echeverriafarriols.com\/en\/contacto\/\">\n\t\t\t\t\t\t<span class=\"elementor-button-content-wrapper\">\n\t\t\t\t\t\t\t\t\t<span class=\"elementor-button-text\">Contact<\/span>\n\t\t\t\t\t<\/span>\n\t\t\t\t\t<\/a>\n\t\t\t\t<\/div>\n\t\t\t\t\t\t\t\t<\/div>\n\t\t\t\t<\/div>\n\t\t\t\t\t<\/div>\n\t\t\t\t<\/div>\n\t\t\t\t<\/div>","protected":false},"excerpt":{"rendered":"<p>Residences and Stays Family reunification allows foreigners already legally residing in Spain to bring their loved ones to live together in the country. This right recognises the importance of family unity and is regulated in the new Foreigners' Regulation approved in November 2024. WHO CAN YOU REUNITE? As ... <a title=\"Family reunification\" class=\"read-more\" href=\"https:\/\/echeverriafarriols.com\/en\/reagrupacion-familiar\/\" aria-label=\"Read more about Family reunification\">Read more<\/a><\/p>","protected":false},"author":8,"featured_media":0,"parent":0,"menu_order":0,"comment_status":"closed","ping_status":"closed","template":"elementor_header_footer","meta":{"pgc_sgb_lightbox_settings":"","footnotes":""},"class_list":["post-2115","page","type-page","status-publish"],"yoast_head":"<!-- This site is optimized with the Yoast SEO plugin v27.5 - https:\/\/yoast.com\/product\/yoast-seo-wordpress\/ -->\n<title>Reagrupaci\u00f3n familiar - Echeverria Farriols<\/title>\n<meta name=\"robots\" content=\"index, follow, max-snippet:-1, max-image-preview:large, max-video-preview:-1\" \/>\n<link rel=\"canonical\" href=\"https:\/\/echeverriafarriols.com\/en\/reagrupacion-familiar\/\" \/>\n<meta property=\"og:locale\" content=\"en_GB\" \/>\n<meta property=\"og:type\" content=\"article\" \/>\n<meta property=\"og:title\" content=\"Reagrupaci\u00f3n familiar - Echeverria Farriols\" \/>\n<meta property=\"og:description\" content=\"Residencias y Estancias La reagrupaci\u00f3n familiar permite a los extranjeros que ya residen legalmente en Espa\u00f1a traer a sus seres queridos para vivir juntos en el pa\u00eds. Este derecho reconoce la importancia de la unidad familiar y est\u00e1 regulado en el nuevo Reglamento de Extranjer\u00eda aprobado en noviembre de 2024. \u00bfA QUI\u00c9N PUEDES REAGRUPAR? Como ... Read more\" \/>\n<meta property=\"og:url\" content=\"https:\/\/echeverriafarriols.com\/en\/reagrupacion-familiar\/\" \/>\n<meta property=\"og:site_name\" content=\"Echeverria Farriols\" \/>\n<meta property=\"article:modified_time\" content=\"2025-06-26T17:07:53+00:00\" \/>\n<meta property=\"og:image\" content=\"https:\/\/echeverriafarriols.com\/wp-content\/uploads\/2025\/03\/leyes-corporativas.png\" \/>\n\t<meta property=\"og:image:width\" content=\"512\" \/>\n\t<meta property=\"og:image:height\" content=\"512\" \/>\n\t<meta property=\"og:image:type\" content=\"image\/png\" \/>\n<meta name=\"twitter:card\" content=\"summary_large_image\" \/>\n<meta name=\"twitter:label1\" content=\"Estimated reading time\" \/>\n\t<meta name=\"twitter:data1\" content=\"3 minutes\" \/>\n<script type=\"application\/ld+json\" class=\"yoast-schema-graph\">{\"@context\":\"https:\\\/\\\/schema.org\",\"@graph\":[{\"@type\":\"WebPage\",\"@id\":\"https:\\\/\\\/echeverriafarriols.com\\\/reagrupacion-familiar\\\/\",\"url\":\"https:\\\/\\\/echeverriafarriols.com\\\/reagrupacion-familiar\\\/\",\"name\":\"Reagrupaci\u00f3n familiar - Echeverria Farriols\",\"isPartOf\":{\"@id\":\"https:\\\/\\\/echeverriafarriols.com\\\/#website\"},\"primaryImageOfPage\":{\"@id\":\"https:\\\/\\\/echeverriafarriols.com\\\/reagrupacion-familiar\\\/#primaryimage\"},\"image\":{\"@id\":\"https:\\\/\\\/echeverriafarriols.com\\\/reagrupacion-familiar\\\/#primaryimage\"},\"thumbnailUrl\":\"https:\\\/\\\/echeverriafarriols.com\\\/wp-content\\\/uploads\\\/2025\\\/03\\\/leyes-corporativas-150x150.png\",\"datePublished\":\"2025-04-16T15:59:46+00:00\",\"dateModified\":\"2025-06-26T17:07:53+00:00\",\"breadcrumb\":{\"@id\":\"https:\\\/\\\/echeverriafarriols.com\\\/reagrupacion-familiar\\\/#breadcrumb\"},\"inLanguage\":\"en-GB\",\"potentialAction\":[{\"@type\":\"ReadAction\",\"target\":[\"https:\\\/\\\/echeverriafarriols.com\\\/reagrupacion-familiar\\\/\"]}]},{\"@type\":\"ImageObject\",\"inLanguage\":\"en-GB\",\"@id\":\"https:\\\/\\\/echeverriafarriols.com\\\/reagrupacion-familiar\\\/#primaryimage\",\"url\":\"https:\\\/\\\/echeverriafarriols.com\\\/wp-content\\\/uploads\\\/2025\\\/03\\\/leyes-corporativas-150x150.png\",\"contentUrl\":\"https:\\\/\\\/echeverriafarriols.com\\\/wp-content\\\/uploads\\\/2025\\\/03\\\/leyes-corporativas-150x150.png\"},{\"@type\":\"BreadcrumbList\",\"@id\":\"https:\\\/\\\/echeverriafarriols.com\\\/reagrupacion-familiar\\\/#breadcrumb\",\"itemListElement\":[{\"@type\":\"ListItem\",\"position\":1,\"name\":\"Portada\",\"item\":\"https:\\\/\\\/echeverriafarriols.com\\\/\"},{\"@type\":\"ListItem\",\"position\":2,\"name\":\"Reagrupaci\u00f3n familiar\"}]},{\"@type\":\"WebSite\",\"@id\":\"https:\\\/\\\/echeverriafarriols.com\\\/#website\",\"url\":\"https:\\\/\\\/echeverriafarriols.com\\\/\",\"name\":\"Echeverr\u00eda Farriols\",\"description\":\"Asesor\u00eda jur\u00eddica integral a personas y empresas\",\"publisher\":{\"@id\":\"https:\\\/\\\/echeverriafarriols.com\\\/#organization\"},\"potentialAction\":[{\"@type\":\"SearchAction\",\"target\":{\"@type\":\"EntryPoint\",\"urlTemplate\":\"https:\\\/\\\/echeverriafarriols.com\\\/?s={search_term_string}\"},\"query-input\":{\"@type\":\"PropertyValueSpecification\",\"valueRequired\":true,\"valueName\":\"search_term_string\"}}],\"inLanguage\":\"en-GB\"},{\"@type\":\"Organization\",\"@id\":\"https:\\\/\\\/echeverriafarriols.com\\\/#organization\",\"name\":\"Echeverria Farriols\",\"url\":\"https:\\\/\\\/echeverriafarriols.com\\\/\",\"logo\":{\"@type\":\"ImageObject\",\"inLanguage\":\"en-GB\",\"@id\":\"https:\\\/\\\/echeverriafarriols.com\\\/#\\\/schema\\\/logo\\\/image\\\/\",\"url\":\"https:\\\/\\\/echeverriafarriols.com\\\/wp-content\\\/uploads\\\/2024\\\/11\\\/Logo-principal89@4x.png\",\"contentUrl\":\"https:\\\/\\\/echeverriafarriols.com\\\/wp-content\\\/uploads\\\/2024\\\/11\\\/Logo-principal89@4x.png\",\"width\":798,\"height\":494,\"caption\":\"Echeverria Farriols\"},\"image\":{\"@id\":\"https:\\\/\\\/echeverriafarriols.com\\\/#\\\/schema\\\/logo\\\/image\\\/\"},\"sameAs\":[\"https:\\\/\\\/www.instagram.com\\\/mariecheverriaj\\\/\",\"https:\\\/\\\/www.linkedin.com\\\/in\\\/maripoupee\\\/?originalSubdomain=es\"]}]}<\/script>\n<!-- \/ Yoast SEO plugin. -->","yoast_head_json":{"title":"Family reunification - Echeverria Farriols","robots":{"index":"index","follow":"follow","max-snippet":"max-snippet:-1","max-image-preview":"max-image-preview:large","max-video-preview":"max-video-preview:-1"},"canonical":"https:\/\/echeverriafarriols.com\/en\/reagrupacion-familiar\/","og_locale":"en_GB","og_type":"article","og_title":"Reagrupaci\u00f3n familiar - Echeverria Farriols","og_description":"Residencias y Estancias La reagrupaci\u00f3n familiar permite a los extranjeros que ya residen legalmente en Espa\u00f1a traer a sus seres queridos para vivir juntos en el pa\u00eds. Este derecho reconoce la importancia de la unidad familiar y est\u00e1 regulado en el nuevo Reglamento de Extranjer\u00eda aprobado en noviembre de 2024. \u00bfA QUI\u00c9N PUEDES REAGRUPAR? Como ... Read more","og_url":"https:\/\/echeverriafarriols.com\/en\/reagrupacion-familiar\/","og_site_name":"Echeverria Farriols","article_modified_time":"2025-06-26T17:07:53+00:00","og_image":[{"width":512,"height":512,"url":"https:\/\/echeverriafarriols.com\/wp-content\/uploads\/2025\/03\/leyes-corporativas.png","type":"image\/png"}],"twitter_card":"summary_large_image","twitter_misc":{"Estimated reading time":"3 minutes"},"schema":{"@context":"https:\/\/schema.org","@graph":[{"@type":"WebPage","@id":"https:\/\/echeverriafarriols.com\/reagrupacion-familiar\/","url":"https:\/\/echeverriafarriols.com\/reagrupacion-familiar\/","name":"Family reunification - Echeverria Farriols","isPartOf":{"@id":"https:\/\/echeverriafarriols.com\/#website"},"primaryImageOfPage":{"@id":"https:\/\/echeverriafarriols.com\/reagrupacion-familiar\/#primaryimage"},"image":{"@id":"https:\/\/echeverriafarriols.com\/reagrupacion-familiar\/#primaryimage"},"thumbnailUrl":"https:\/\/echeverriafarriols.com\/wp-content\/uploads\/2025\/03\/leyes-corporativas-150x150.png","datePublished":"2025-04-16T15:59:46+00:00","dateModified":"2025-06-26T17:07:53+00:00","breadcrumb":{"@id":"https:\/\/echeverriafarriols.com\/reagrupacion-familiar\/#breadcrumb"},"inLanguage":"en-GB","potentialAction":[{"@type":"ReadAction","target":["https:\/\/echeverriafarriols.com\/reagrupacion-familiar\/"]}]},{"@type":"ImageObject","inLanguage":"en-GB","@id":"https:\/\/echeverriafarriols.com\/reagrupacion-familiar\/#primaryimage","url":"https:\/\/echeverriafarriols.com\/wp-content\/uploads\/2025\/03\/leyes-corporativas-150x150.png","contentUrl":"https:\/\/echeverriafarriols.com\/wp-content\/uploads\/2025\/03\/leyes-corporativas-150x150.png"},{"@type":"BreadcrumbList","@id":"https:\/\/echeverriafarriols.com\/reagrupacion-familiar\/#breadcrumb","itemListElement":[{"@type":"ListItem","position":1,"name":"Portada","item":"https:\/\/echeverriafarriols.com\/"},{"@type":"ListItem","position":2,"name":"Reagrupaci\u00f3n familiar"}]},{"@type":"WebSite","@id":"https:\/\/echeverriafarriols.com\/#website","url":"https:\/\/echeverriafarriols.com\/","name":"Echeverr\u00eda Farriols","description":"Comprehensive legal advice to individuals and companies","publisher":{"@id":"https:\/\/echeverriafarriols.com\/#organization"},"potentialAction":[{"@type":"SearchAction","target":{"@type":"EntryPoint","urlTemplate":"https:\/\/echeverriafarriols.com\/?s={search_term_string}"},"query-input":{"@type":"PropertyValueSpecification","valueRequired":true,"valueName":"search_term_string"}}],"inLanguage":"en-GB"},{"@type":"Organization","@id":"https:\/\/echeverriafarriols.com\/#organization","name":"Echeverria Farriols","url":"https:\/\/echeverriafarriols.com\/","logo":{"@type":"ImageObject","inLanguage":"en-GB","@id":"https:\/\/echeverriafarriols.com\/#\/schema\/logo\/image\/","url":"https:\/\/echeverriafarriols.com\/wp-content\/uploads\/2024\/11\/Logo-principal89@4x.png","contentUrl":"https:\/\/echeverriafarriols.com\/wp-content\/uploads\/2024\/11\/Logo-principal89@4x.png","width":798,"height":494,"caption":"Echeverria Farriols"},"image":{"@id":"https:\/\/echeverriafarriols.com\/#\/schema\/logo\/image\/"},"sameAs":["https:\/\/www.instagram.com\/mariecheverriaj\/","https:\/\/www.linkedin.com\/in\/maripoupee\/?originalSubdomain=es"]}]}},"_links":{"self":[{"href":"https:\/\/echeverriafarriols.com\/en\/wp-json\/wp\/v2\/pages\/2115","targetHints":{"allow":["GET"]}}],"collection":[{"href":"https:\/\/echeverriafarriols.com\/en\/wp-json\/wp\/v2\/pages"}],"about":[{"href":"https:\/\/echeverriafarriols.com\/en\/wp-json\/wp\/v2\/types\/page"}],"author":[{"embeddable":true,"href":"https:\/\/echeverriafarriols.com\/en\/wp-json\/wp\/v2\/users\/8"}],"replies":[{"embeddable":true,"href":"https:\/\/echeverriafarriols.com\/en\/wp-json\/wp\/v2\/comments?post=2115"}],"version-history":[{"count":10,"href":"https:\/\/echeverriafarriols.com\/en\/wp-json\/wp\/v2\/pages\/2115\/revisions"}],"predecessor-version":[{"id":2485,"href":"https:\/\/echeverriafarriols.com\/en\/wp-json\/wp\/v2\/pages\/2115\/revisions\/2485"}],"wp:attachment":[{"href":"https:\/\/echeverriafarriols.com\/en\/wp-json\/wp\/v2\/media?parent=2115"}],"curies":[{"name":"wp","href":"https:\/\/api.w.org\/{rel}","templated":true}]}}