{"id":2088,"date":"2025-04-16T16:39:18","date_gmt":"2025-04-16T15:39:18","guid":{"rendered":"https:\/\/echeverriafarriols.com\/?page_id=2088"},"modified":"2025-06-26T18:15:04","modified_gmt":"2025-06-26T17:15:04","slug":"renovacion-de-residencias-o-estancias","status":"publish","type":"page","link":"https:\/\/echeverriafarriols.com\/en\/renovacion-de-residencias-o-estancias\/","title":{"rendered":"Renewal of Residencies or Stays"},"content":{"rendered":"<div data-elementor-type=\"wp-page\" data-elementor-id=\"2088\" class=\"elementor elementor-2088\" data-elementor-post-type=\"page\">\n\t\t\t\t<div class=\"elementor-element elementor-element-c7b9582 e-con-full e-flex e-con e-parent\" data-id=\"c7b9582\" data-element_type=\"container\" data-e-type=\"container\">\n\t\t\t\t<div class=\"elementor-element elementor-element-f0a65d4 elementor-widget elementor-widget-heading\" data-id=\"f0a65d4\" data-element_type=\"widget\" data-e-type=\"widget\" data-widget_type=\"heading.default\">\n\t\t\t\t<div class=\"elementor-widget-container\">\n\t\t\t\t\t<h2 class=\"elementor-heading-title elementor-size-default\">Residences and Stays<\/h2>\t\t\t\t<\/div>\n\t\t\t\t<\/div>\n\t\t\t\t<\/div>\n\t\t<div class=\"elementor-element elementor-element-8bdc8a3 e-flex e-con-boxed e-con e-parent\" data-id=\"8bdc8a3\" data-element_type=\"container\" data-e-type=\"container\">\n\t\t\t\t\t<div class=\"e-con-inner\">\n\t\t<div class=\"elementor-element elementor-element-c6a4225 e-flex e-con-boxed e-con e-child\" data-id=\"c6a4225\" data-element_type=\"container\" data-e-type=\"container\">\n\t\t\t\t\t<div class=\"e-con-inner\">\n\t\t\t\t<div class=\"elementor-element elementor-element-6989b04 elementor-widget elementor-widget-heading\" data-id=\"6989b04\" data-element_type=\"widget\" data-e-type=\"widget\" data-widget_type=\"heading.default\">\n\t\t\t\t<div class=\"elementor-widget-container\">\n\t\t\t\t\t<h2 class=\"elementor-heading-title elementor-size-default\">RENOVATION OF RESIDENCES OR STAYS<\/h2>\t\t\t\t<\/div>\n\t\t\t\t<\/div>\n\t\t\t\t<div class=\"elementor-element elementor-element-454b41d elementor-position-inline-start elementor-mobile-position-inline-start elementor-view-default elementor-widget elementor-widget-icon-box\" data-id=\"454b41d\" data-element_type=\"widget\" data-e-type=\"widget\" data-widget_type=\"icon-box.default\">\n\t\t\t\t<div class=\"elementor-widget-container\">\n\t\t\t\t\t\t\t<div class=\"elementor-icon-box-wrapper\">\n\n\t\t\t\t\t\t<div class=\"elementor-icon-box-icon\">\n\t\t\t\t<span  class=\"elementor-icon\">\n\t\t\t\t<i aria-hidden=\"true\" class=\"fas fa-balance-scale\"><\/i>\t\t\t\t<\/span>\n\t\t\t<\/div>\n\t\t\t\n\t\t\t\t\t\t<div class=\"elementor-icon-box-content\">\n\n\t\t\t\t\n\t\t\t\t\t\t\t\t\t<p class=\"elementor-icon-box-description\">\n\t\t\t\t\t\t<b>WHAT IS IT?<\/b>\n\t\t\t\t\t<\/p>\n\t\t\t\t\n\t\t\t<\/div>\n\t\t\t\n\t\t<\/div>\n\t\t\t\t\t\t<\/div>\n\t\t\t\t<\/div>\n\t\t\t\t<div class=\"elementor-element elementor-element-101d8e7 elementor-widget elementor-widget-text-editor\" data-id=\"101d8e7\" data-element_type=\"widget\" data-e-type=\"widget\" data-widget_type=\"text-editor.default\">\n\t\t\t\t<div class=\"elementor-widget-container\">\n\t\t\t\t\t\t\t\t\t<p class=\"p1\">Renewals of residency and stays in Spain are essential procedures for extending legal residence in Spain. Depending on the type of authorisation (residence for work, stay for studies, among others), certain requirements must be met, such as financial means, Social Security contributions or proof that the studies have been completed. The application must be submitted to the corresponding Foreigners' Office within 60 days before the expiry date of the residence\/stay card and up to 90 days thereafter, although the latter may entail penalties. They can be processed in person or online through the Foreigners' Office website.<\/p>\t\t\t\t\t\t\t\t<\/div>\n\t\t\t\t<\/div>\n\t\t\t\t\t<\/div>\n\t\t\t\t<\/div>\n\t\t\t\t\t<\/div>\n\t\t\t\t<\/div>\n\t\t<div class=\"elementor-element elementor-element-ee775bd e-flex e-con-boxed e-con e-parent\" data-id=\"ee775bd\" data-element_type=\"container\" data-e-type=\"container\">\n\t\t\t\t\t<div class=\"e-con-inner\">\n\t\t\t\t<div class=\"elementor-element elementor-element-d4851ec elementor-position-left elementor-vertical-align-middle elementor-widget elementor-widget-image-box\" data-id=\"d4851ec\" data-element_type=\"widget\" data-e-type=\"widget\" data-widget_type=\"image-box.default\">\n\t\t\t\t<div class=\"elementor-widget-container\">\n\t\t\t\t\t<div class=\"elementor-image-box-wrapper\"><figure class=\"elementor-image-box-img\"><img decoding=\"async\" width=\"150\" height=\"150\" src=\"https:\/\/echeverriafarriols.com\/wp-content\/uploads\/2025\/03\/leyes-corporativas-150x150.png\" class=\"attachment-thumbnail size-thumbnail wp-image-1110\" alt=\"\" srcset=\"https:\/\/echeverriafarriols.com\/wp-content\/uploads\/2025\/03\/leyes-corporativas-150x150.png 150w, https:\/\/echeverriafarriols.com\/wp-content\/uploads\/2025\/03\/leyes-corporativas-300x300.png 300w, https:\/\/echeverriafarriols.com\/wp-content\/uploads\/2025\/03\/leyes-corporativas.png 512w\" sizes=\"(max-width: 150px) 100vw, 150px\" \/><\/figure><div class=\"elementor-image-box-content\"><p class=\"elementor-image-box-description\">At <b>Echeverr\u00eda Farriols Lawyers &amp; Associates<\/b>We will guide you through the entire process to ensure a smooth and successful renovation.<\/p><\/div><\/div>\t\t\t\t<\/div>\n\t\t\t\t<\/div>\n\t\t\t\t<div class=\"elementor-element elementor-element-0fc03c6 elementor-align-center elementor-widget elementor-widget-button\" data-id=\"0fc03c6\" data-element_type=\"widget\" data-e-type=\"widget\" data-widget_type=\"button.default\">\n\t\t\t\t<div class=\"elementor-widget-container\">\n\t\t\t\t\t\t\t\t\t<div class=\"elementor-button-wrapper\">\n\t\t\t\t\t<a class=\"elementor-button elementor-button-link elementor-size-sm\" href=\"https:\/\/echeverriafarriols.com\/en\/contacto\/\">\n\t\t\t\t\t\t<span class=\"elementor-button-content-wrapper\">\n\t\t\t\t\t\t\t\t\t<span class=\"elementor-button-text\">Contact<\/span>\n\t\t\t\t\t<\/span>\n\t\t\t\t\t<\/a>\n\t\t\t\t<\/div>\n\t\t\t\t\t\t\t\t<\/div>\n\t\t\t\t<\/div>\n\t\t\t\t\t<\/div>\n\t\t\t\t<\/div>\n\t\t<div class=\"elementor-element elementor-element-a6a6f62 e-con-full e-flex e-con e-parent\" data-id=\"a6a6f62\" data-element_type=\"container\" data-e-type=\"container\">\n\t\t\t\t<div class=\"elementor-element elementor-element-3f666a6 elementor-widget-divider--view-line elementor-widget elementor-widget-divider\" data-id=\"3f666a6\" data-element_type=\"widget\" data-e-type=\"widget\" data-widget_type=\"divider.default\">\n\t\t\t\t<div class=\"elementor-widget-container\">\n\t\t\t\t\t\t\t<div class=\"elementor-divider\">\n\t\t\t<span class=\"elementor-divider-separator\">\n\t\t\t\t\t\t<\/span>\n\t\t<\/div>\n\t\t\t\t\t\t<\/div>\n\t\t\t\t<\/div>\n\t\t\t\t<\/div>\n\t\t\t\t<\/div>","protected":false},"excerpt":{"rendered":"<p>Residences and Stays RENEWAL OF RESIDENCES OR STAYS WHAT IS IT? The renewal of residences and stays in Spain are essential procedures for extending legal residence in Spain. Depending on the type of authorisation (residence for work, stay for studies, among others), certain requirements must be met, such as financial means, Social Security contributions, or ... <a title=\"Renewal of Residencies or Stays\" class=\"read-more\" href=\"https:\/\/echeverriafarriols.com\/en\/renovacion-de-residencias-o-estancias\/\" aria-label=\"Read more about Renewal of Residences or Stays\">Read more<\/a><\/p>","protected":false},"author":8,"featured_media":0,"parent":0,"menu_order":0,"comment_status":"closed","ping_status":"closed","template":"elementor_header_footer","meta":{"pgc_sgb_lightbox_settings":"","footnotes":""},"class_list":["post-2088","page","type-page","status-publish"],"yoast_head":"<!-- This site is optimized with the Yoast SEO plugin v27.5 - https:\/\/yoast.com\/product\/yoast-seo-wordpress\/ -->\n<title>Renovaci\u00f3n de Residencias o Estancias - Echeverria Farriols<\/title>\n<meta name=\"robots\" content=\"index, follow, max-snippet:-1, max-image-preview:large, max-video-preview:-1\" \/>\n<link rel=\"canonical\" href=\"https:\/\/echeverriafarriols.com\/en\/renovacion-de-residencias-o-estancias\/\" \/>\n<meta property=\"og:locale\" content=\"en_GB\" \/>\n<meta property=\"og:type\" content=\"article\" \/>\n<meta property=\"og:title\" content=\"Renovaci\u00f3n de Residencias o Estancias - Echeverria Farriols\" \/>\n<meta property=\"og:description\" content=\"Residencias y Estancias RENOVACI\u00d3N DE RESIDENCIAS O ESTANCIAS \u00bfQU\u00c9 ES? Las renovaciones de residencias y estancias en Espa\u00f1a son tr\u00e1mites esenciales para prolongar la permanencia legal en Espa\u00f1a. Dependiendo del tipo de autorizaci\u00f3n (residencia de trabajo, estancia por estudios, entre otras), se deben cumplir ciertos requisitos como medios econ\u00f3micos, cotizaci\u00f3n a la Seguridad Social o ... Read more\" \/>\n<meta property=\"og:url\" content=\"https:\/\/echeverriafarriols.com\/en\/renovacion-de-residencias-o-estancias\/\" \/>\n<meta property=\"og:site_name\" content=\"Echeverria Farriols\" \/>\n<meta property=\"article:modified_time\" content=\"2025-06-26T17:15:04+00:00\" \/>\n<meta property=\"og:image\" content=\"https:\/\/echeverriafarriols.com\/wp-content\/uploads\/2025\/03\/leyes-corporativas.png\" \/>\n\t<meta property=\"og:image:width\" content=\"512\" \/>\n\t<meta property=\"og:image:height\" content=\"512\" \/>\n\t<meta property=\"og:image:type\" content=\"image\/png\" \/>\n<meta name=\"twitter:card\" content=\"summary_large_image\" \/>\n<meta name=\"twitter:label1\" content=\"Estimated reading time\" \/>\n\t<meta name=\"twitter:data1\" content=\"1 minute\" \/>\n<script type=\"application\/ld+json\" class=\"yoast-schema-graph\">{\"@context\":\"https:\\\/\\\/schema.org\",\"@graph\":[{\"@type\":\"WebPage\",\"@id\":\"https:\\\/\\\/echeverriafarriols.com\\\/renovacion-de-residencias-o-estancias\\\/\",\"url\":\"https:\\\/\\\/echeverriafarriols.com\\\/renovacion-de-residencias-o-estancias\\\/\",\"name\":\"Renovaci\u00f3n de Residencias o Estancias - Echeverria Farriols\",\"isPartOf\":{\"@id\":\"https:\\\/\\\/echeverriafarriols.com\\\/#website\"},\"primaryImageOfPage\":{\"@id\":\"https:\\\/\\\/echeverriafarriols.com\\\/renovacion-de-residencias-o-estancias\\\/#primaryimage\"},\"image\":{\"@id\":\"https:\\\/\\\/echeverriafarriols.com\\\/renovacion-de-residencias-o-estancias\\\/#primaryimage\"},\"thumbnailUrl\":\"https:\\\/\\\/echeverriafarriols.com\\\/wp-content\\\/uploads\\\/2025\\\/03\\\/leyes-corporativas-150x150.png\",\"datePublished\":\"2025-04-16T15:39:18+00:00\",\"dateModified\":\"2025-06-26T17:15:04+00:00\",\"breadcrumb\":{\"@id\":\"https:\\\/\\\/echeverriafarriols.com\\\/renovacion-de-residencias-o-estancias\\\/#breadcrumb\"},\"inLanguage\":\"en-GB\",\"potentialAction\":[{\"@type\":\"ReadAction\",\"target\":[\"https:\\\/\\\/echeverriafarriols.com\\\/renovacion-de-residencias-o-estancias\\\/\"]}]},{\"@type\":\"ImageObject\",\"inLanguage\":\"en-GB\",\"@id\":\"https:\\\/\\\/echeverriafarriols.com\\\/renovacion-de-residencias-o-estancias\\\/#primaryimage\",\"url\":\"https:\\\/\\\/echeverriafarriols.com\\\/wp-content\\\/uploads\\\/2025\\\/03\\\/leyes-corporativas-150x150.png\",\"contentUrl\":\"https:\\\/\\\/echeverriafarriols.com\\\/wp-content\\\/uploads\\\/2025\\\/03\\\/leyes-corporativas-150x150.png\"},{\"@type\":\"BreadcrumbList\",\"@id\":\"https:\\\/\\\/echeverriafarriols.com\\\/renovacion-de-residencias-o-estancias\\\/#breadcrumb\",\"itemListElement\":[{\"@type\":\"ListItem\",\"position\":1,\"name\":\"Portada\",\"item\":\"https:\\\/\\\/echeverriafarriols.com\\\/\"},{\"@type\":\"ListItem\",\"position\":2,\"name\":\"Renovaci\u00f3n de Residencias o Estancias\"}]},{\"@type\":\"WebSite\",\"@id\":\"https:\\\/\\\/echeverriafarriols.com\\\/#website\",\"url\":\"https:\\\/\\\/echeverriafarriols.com\\\/\",\"name\":\"Echeverr\u00eda Farriols\",\"description\":\"Asesor\u00eda jur\u00eddica integral a personas y empresas\",\"publisher\":{\"@id\":\"https:\\\/\\\/echeverriafarriols.com\\\/#organization\"},\"potentialAction\":[{\"@type\":\"SearchAction\",\"target\":{\"@type\":\"EntryPoint\",\"urlTemplate\":\"https:\\\/\\\/echeverriafarriols.com\\\/?s={search_term_string}\"},\"query-input\":{\"@type\":\"PropertyValueSpecification\",\"valueRequired\":true,\"valueName\":\"search_term_string\"}}],\"inLanguage\":\"en-GB\"},{\"@type\":\"Organization\",\"@id\":\"https:\\\/\\\/echeverriafarriols.com\\\/#organization\",\"name\":\"Echeverria Farriols\",\"url\":\"https:\\\/\\\/echeverriafarriols.com\\\/\",\"logo\":{\"@type\":\"ImageObject\",\"inLanguage\":\"en-GB\",\"@id\":\"https:\\\/\\\/echeverriafarriols.com\\\/#\\\/schema\\\/logo\\\/image\\\/\",\"url\":\"https:\\\/\\\/echeverriafarriols.com\\\/wp-content\\\/uploads\\\/2024\\\/11\\\/Logo-principal89@4x.png\",\"contentUrl\":\"https:\\\/\\\/echeverriafarriols.com\\\/wp-content\\\/uploads\\\/2024\\\/11\\\/Logo-principal89@4x.png\",\"width\":798,\"height\":494,\"caption\":\"Echeverria Farriols\"},\"image\":{\"@id\":\"https:\\\/\\\/echeverriafarriols.com\\\/#\\\/schema\\\/logo\\\/image\\\/\"},\"sameAs\":[\"https:\\\/\\\/www.instagram.com\\\/mariecheverriaj\\\/\",\"https:\\\/\\\/www.linkedin.com\\\/in\\\/maripoupee\\\/?originalSubdomain=es\"]}]}<\/script>\n<!-- \/ Yoast SEO plugin. -->","yoast_head_json":{"title":"Renovation of Residences or Stays - Echeverria Farriols","robots":{"index":"index","follow":"follow","max-snippet":"max-snippet:-1","max-image-preview":"max-image-preview:large","max-video-preview":"max-video-preview:-1"},"canonical":"https:\/\/echeverriafarriols.com\/en\/renovacion-de-residencias-o-estancias\/","og_locale":"en_GB","og_type":"article","og_title":"Renovaci\u00f3n de Residencias o Estancias - Echeverria Farriols","og_description":"Residencias y Estancias RENOVACI\u00d3N DE RESIDENCIAS O ESTANCIAS \u00bfQU\u00c9 ES? Las renovaciones de residencias y estancias en Espa\u00f1a son tr\u00e1mites esenciales para prolongar la permanencia legal en Espa\u00f1a. Dependiendo del tipo de autorizaci\u00f3n (residencia de trabajo, estancia por estudios, entre otras), se deben cumplir ciertos requisitos como medios econ\u00f3micos, cotizaci\u00f3n a la Seguridad Social o ... Read more","og_url":"https:\/\/echeverriafarriols.com\/en\/renovacion-de-residencias-o-estancias\/","og_site_name":"Echeverria Farriols","article_modified_time":"2025-06-26T17:15:04+00:00","og_image":[{"width":512,"height":512,"url":"https:\/\/echeverriafarriols.com\/wp-content\/uploads\/2025\/03\/leyes-corporativas.png","type":"image\/png"}],"twitter_card":"summary_large_image","twitter_misc":{"Estimated reading time":"1 minute"},"schema":{"@context":"https:\/\/schema.org","@graph":[{"@type":"WebPage","@id":"https:\/\/echeverriafarriols.com\/renovacion-de-residencias-o-estancias\/","url":"https:\/\/echeverriafarriols.com\/renovacion-de-residencias-o-estancias\/","name":"Renovation of Residences or Stays - Echeverria Farriols","isPartOf":{"@id":"https:\/\/echeverriafarriols.com\/#website"},"primaryImageOfPage":{"@id":"https:\/\/echeverriafarriols.com\/renovacion-de-residencias-o-estancias\/#primaryimage"},"image":{"@id":"https:\/\/echeverriafarriols.com\/renovacion-de-residencias-o-estancias\/#primaryimage"},"thumbnailUrl":"https:\/\/echeverriafarriols.com\/wp-content\/uploads\/2025\/03\/leyes-corporativas-150x150.png","datePublished":"2025-04-16T15:39:18+00:00","dateModified":"2025-06-26T17:15:04+00:00","breadcrumb":{"@id":"https:\/\/echeverriafarriols.com\/renovacion-de-residencias-o-estancias\/#breadcrumb"},"inLanguage":"en-GB","potentialAction":[{"@type":"ReadAction","target":["https:\/\/echeverriafarriols.com\/renovacion-de-residencias-o-estancias\/"]}]},{"@type":"ImageObject","inLanguage":"en-GB","@id":"https:\/\/echeverriafarriols.com\/renovacion-de-residencias-o-estancias\/#primaryimage","url":"https:\/\/echeverriafarriols.com\/wp-content\/uploads\/2025\/03\/leyes-corporativas-150x150.png","contentUrl":"https:\/\/echeverriafarriols.com\/wp-content\/uploads\/2025\/03\/leyes-corporativas-150x150.png"},{"@type":"BreadcrumbList","@id":"https:\/\/echeverriafarriols.com\/renovacion-de-residencias-o-estancias\/#breadcrumb","itemListElement":[{"@type":"ListItem","position":1,"name":"Portada","item":"https:\/\/echeverriafarriols.com\/"},{"@type":"ListItem","position":2,"name":"Renovaci\u00f3n de Residencias o Estancias"}]},{"@type":"WebSite","@id":"https:\/\/echeverriafarriols.com\/#website","url":"https:\/\/echeverriafarriols.com\/","name":"Echeverr\u00eda Farriols","description":"Comprehensive legal advice to individuals and companies","publisher":{"@id":"https:\/\/echeverriafarriols.com\/#organization"},"potentialAction":[{"@type":"SearchAction","target":{"@type":"EntryPoint","urlTemplate":"https:\/\/echeverriafarriols.com\/?s={search_term_string}"},"query-input":{"@type":"PropertyValueSpecification","valueRequired":true,"valueName":"search_term_string"}}],"inLanguage":"en-GB"},{"@type":"Organization","@id":"https:\/\/echeverriafarriols.com\/#organization","name":"Echeverria Farriols","url":"https:\/\/echeverriafarriols.com\/","logo":{"@type":"ImageObject","inLanguage":"en-GB","@id":"https:\/\/echeverriafarriols.com\/#\/schema\/logo\/image\/","url":"https:\/\/echeverriafarriols.com\/wp-content\/uploads\/2024\/11\/Logo-principal89@4x.png","contentUrl":"https:\/\/echeverriafarriols.com\/wp-content\/uploads\/2024\/11\/Logo-principal89@4x.png","width":798,"height":494,"caption":"Echeverria Farriols"},"image":{"@id":"https:\/\/echeverriafarriols.com\/#\/schema\/logo\/image\/"},"sameAs":["https:\/\/www.instagram.com\/mariecheverriaj\/","https:\/\/www.linkedin.com\/in\/maripoupee\/?originalSubdomain=es"]}]}},"_links":{"self":[{"href":"https:\/\/echeverriafarriols.com\/en\/wp-json\/wp\/v2\/pages\/2088","targetHints":{"allow":["GET"]}}],"collection":[{"href":"https:\/\/echeverriafarriols.com\/en\/wp-json\/wp\/v2\/pages"}],"about":[{"href":"https:\/\/echeverriafarriols.com\/en\/wp-json\/wp\/v2\/types\/page"}],"author":[{"embeddable":true,"href":"https:\/\/echeverriafarriols.com\/en\/wp-json\/wp\/v2\/users\/8"}],"replies":[{"embeddable":true,"href":"https:\/\/echeverriafarriols.com\/en\/wp-json\/wp\/v2\/comments?post=2088"}],"version-history":[{"count":13,"href":"https:\/\/echeverriafarriols.com\/en\/wp-json\/wp\/v2\/pages\/2088\/revisions"}],"predecessor-version":[{"id":2491,"href":"https:\/\/echeverriafarriols.com\/en\/wp-json\/wp\/v2\/pages\/2088\/revisions\/2491"}],"wp:attachment":[{"href":"https:\/\/echeverriafarriols.com\/en\/wp-json\/wp\/v2\/media?parent=2088"}],"curies":[{"name":"wp","href":"https:\/\/api.w.org\/{rel}","templated":true}]}}