{"id":2080,"date":"2025-04-16T16:30:46","date_gmt":"2025-04-16T15:30:46","guid":{"rendered":"https:\/\/echeverriafarriols.com\/?page_id=2080"},"modified":"2025-06-26T18:06:21","modified_gmt":"2025-06-26T17:06:21","slug":"residencia-no-lucrativa","status":"publish","type":"page","link":"https:\/\/echeverriafarriols.com\/en\/residencia-no-lucrativa\/","title":{"rendered":"Non-Profit Residence"},"content":{"rendered":"<div data-elementor-type=\"wp-page\" data-elementor-id=\"2080\" class=\"elementor elementor-2080\" data-elementor-post-type=\"page\">\n\t\t\t\t<div class=\"elementor-element elementor-element-7cb08f8 e-con-full e-flex e-con e-parent\" data-id=\"7cb08f8\" data-element_type=\"container\" data-e-type=\"container\">\n\t\t\t\t<div class=\"elementor-element elementor-element-fec16e2 elementor-widget elementor-widget-heading\" data-id=\"fec16e2\" data-element_type=\"widget\" data-e-type=\"widget\" data-widget_type=\"heading.default\">\n\t\t\t\t<div class=\"elementor-widget-container\">\n\t\t\t\t\t<h2 class=\"elementor-heading-title elementor-size-default\">Residences and Stays<\/h2>\t\t\t\t<\/div>\n\t\t\t\t<\/div>\n\t\t\t\t<\/div>\n\t\t<div class=\"elementor-element elementor-element-2c5d711 e-flex e-con-boxed e-con e-parent\" data-id=\"2c5d711\" data-element_type=\"container\" data-e-type=\"container\">\n\t\t\t\t\t<div class=\"e-con-inner\">\n\t\t<div class=\"elementor-element elementor-element-9880ace e-flex e-con-boxed e-con e-child\" data-id=\"9880ace\" data-element_type=\"container\" data-e-type=\"container\">\n\t\t\t\t\t<div class=\"e-con-inner\">\n\t\t\t\t<div class=\"elementor-element elementor-element-5394b5c elementor-widget elementor-widget-heading\" data-id=\"5394b5c\" data-element_type=\"widget\" data-e-type=\"widget\" data-widget_type=\"heading.default\">\n\t\t\t\t<div class=\"elementor-widget-container\">\n\t\t\t\t\t<h2 class=\"elementor-heading-title elementor-size-default\">NON-PROFIT RESIDENCE<\/h2>\t\t\t\t<\/div>\n\t\t\t\t<\/div>\n\t\t\t\t<div class=\"elementor-element elementor-element-09c5c58 elementor-position-inline-start elementor-mobile-position-inline-start elementor-view-default elementor-widget elementor-widget-icon-box\" data-id=\"09c5c58\" data-element_type=\"widget\" data-e-type=\"widget\" data-widget_type=\"icon-box.default\">\n\t\t\t\t<div class=\"elementor-widget-container\">\n\t\t\t\t\t\t\t<div class=\"elementor-icon-box-wrapper\">\n\n\t\t\t\t\t\t<div class=\"elementor-icon-box-icon\">\n\t\t\t\t<span  class=\"elementor-icon\">\n\t\t\t\t<i aria-hidden=\"true\" class=\"fas fa-balance-scale\"><\/i>\t\t\t\t<\/span>\n\t\t\t<\/div>\n\t\t\t\n\t\t\t\t\t\t<div class=\"elementor-icon-box-content\">\n\n\t\t\t\t\n\t\t\t\t\t\t\t\t\t<p class=\"elementor-icon-box-description\">\n\t\t\t\t\t\t<b>WHAT IS IT?<\/b>\n\t\t\t\t\t<\/p>\n\t\t\t\t\n\t\t\t<\/div>\n\t\t\t\n\t\t<\/div>\n\t\t\t\t\t\t<\/div>\n\t\t\t\t<\/div>\n\t\t\t\t<div class=\"elementor-element elementor-element-2a1376e elementor-widget elementor-widget-text-editor\" data-id=\"2a1376e\" data-element_type=\"widget\" data-e-type=\"widget\" data-widget_type=\"text-editor.default\">\n\t\t\t\t<div class=\"elementor-widget-container\">\n\t\t\t\t\t\t\t\t\t<p class=\"p1\">The <b>non-profit residence<\/b> is an authorisation that allows foreigners to <b>residing in Spain without carrying out any work or professional activities<\/b>. It is ideal for those who wish to live in Spain for personal reasons, enjoy their quality of life or invest in the country without having to work.<\/p><p class=\"p1\">This authorisation must be requested <b>from the country of origin<\/b> and is initially granted by <b>one year<\/b>with the possibility of renewal.<\/p>\t\t\t\t\t\t\t\t<\/div>\n\t\t\t\t<\/div>\n\t\t\t\t<div class=\"elementor-element elementor-element-c8f8bfd elementor-position-inline-start elementor-mobile-position-inline-start elementor-view-default elementor-widget elementor-widget-icon-box\" data-id=\"c8f8bfd\" data-element_type=\"widget\" data-e-type=\"widget\" data-widget_type=\"icon-box.default\">\n\t\t\t\t<div class=\"elementor-widget-container\">\n\t\t\t\t\t\t\t<div class=\"elementor-icon-box-wrapper\">\n\n\t\t\t\t\t\t<div class=\"elementor-icon-box-icon\">\n\t\t\t\t<span  class=\"elementor-icon\">\n\t\t\t\t<i aria-hidden=\"true\" class=\"fas fa-check\"><\/i>\t\t\t\t<\/span>\n\t\t\t<\/div>\n\t\t\t\n\t\t\t\t\t\t<div class=\"elementor-icon-box-content\">\n\n\t\t\t\t\n\t\t\t\t\t\t\t\t\t<p class=\"elementor-icon-box-description\">\n\t\t\t\t\t\t<b>REQUIREMENTS<\/b><br>\n\t\t\t\t\t<\/p>\n\t\t\t\t\n\t\t\t<\/div>\n\t\t\t\n\t\t<\/div>\n\t\t\t\t\t\t<\/div>\n\t\t\t\t<\/div>\n\t\t\t\t<div class=\"elementor-element elementor-element-69be051 elementor-widget elementor-widget-text-editor\" data-id=\"69be051\" data-element_type=\"widget\" data-e-type=\"widget\" data-widget_type=\"text-editor.default\">\n\t\t\t\t<div class=\"elementor-widget-container\">\n\t\t\t\t\t\t\t\t\t<p class=\"p1\"><b>Sufficient financial means<\/b>\u00a0<br \/>The applicant must demonstrate that he\/she has stable financial resources to support him\/herself in Spain without the need to work.<\/p><ul class=\"ul1\"><li class=\"li1\"><b>Minimum quantity required:<\/b> 400% from <b>IPREM<\/b> yearly (<b>Public Indicator of Multiple Effect Income (Indicador P\u00fablico de Renta de Efectos M\u00faltiples)<\/b>), which in 2024 is approximately equivalent to <b>\u20ac28,800<\/b> for the main applicant.<\/li><li class=\"li1\"><b>For each additional family member:<\/b> An additional 100% of the IPREM must be credited (<b>approx. \u20ac7,200 per person<\/b>).<\/li><\/ul><p class=\"p1\">\u00a0<b>How to prove financial means?<\/b><\/p><ul class=\"ul1\"><li class=\"li1\">Bank statements for the last <b>6-12 months<\/b>.<\/li><li class=\"li1\">Income-producing properties or investments.<\/li><li class=\"li1\">Passive income, retirement or foreign source income.<\/li><li class=\"li1\">Letter of commitment of financial support from a family member.<\/li><\/ul><p class=\"p1\"><span class=\"s1\">\u2714<\/span> <b>Private health insurance<\/b>\u00a0<br \/>It must be <b>contracted in Spain<\/b>with full coverage with no co-payments and a minimum term of one year.<\/p><p class=\"p1\"><span class=\"s1\">\u2714<\/span> <b>Accommodation in Spain<\/b>\u00a0<br \/>It is necessary to present a <b>rental contract, title deed or invitation letter<\/b>.<\/p><p class=\"p1\"><span class=\"s1\">\u2714<\/span> <b>No criminal record<\/b>\u00a0<br \/>No convictions in Spain or in the countries where they have resided in the last few years. <b>5 years<\/b>.<\/p><p class=\"p1\"><span class=\"s1\">\u2714<\/span> <b>Medical examination<\/b>\u00a0<br \/>A medical certificate attesting that the applicant <b>does not suffer from contagious diseases<\/b> according to the International Health Regulations.<\/p>\t\t\t\t\t\t\t\t<\/div>\n\t\t\t\t<\/div>\n\t\t\t\t\t<\/div>\n\t\t\t\t<\/div>\n\t\t\t\t<div class=\"elementor-element elementor-element-e60c49f elementor-align-center elementor-widget elementor-widget-button\" data-id=\"e60c49f\" data-element_type=\"widget\" data-e-type=\"widget\" data-widget_type=\"button.default\">\n\t\t\t\t<div class=\"elementor-widget-container\">\n\t\t\t\t\t\t\t\t\t<div class=\"elementor-button-wrapper\">\n\t\t\t\t\t<a class=\"elementor-button elementor-button-link elementor-size-sm\" href=\"https:\/\/echeverriafarriols.com\/en\/contacto\/\">\n\t\t\t\t\t\t<span class=\"elementor-button-content-wrapper\">\n\t\t\t\t\t\t\t\t\t<span class=\"elementor-button-text\">Contact<\/span>\n\t\t\t\t\t<\/span>\n\t\t\t\t\t<\/a>\n\t\t\t\t<\/div>\n\t\t\t\t\t\t\t\t<\/div>\n\t\t\t\t<\/div>\n\t\t\t\t\t<\/div>\n\t\t\t\t<\/div>\n\t\t<div class=\"elementor-element elementor-element-f7f5e31 e-con-full e-flex e-con e-parent\" data-id=\"f7f5e31\" data-element_type=\"container\" data-e-type=\"container\">\n\t\t\t\t<div class=\"elementor-element elementor-element-692bb80 elementor-widget-divider--view-line elementor-widget elementor-widget-divider\" data-id=\"692bb80\" data-element_type=\"widget\" data-e-type=\"widget\" data-widget_type=\"divider.default\">\n\t\t\t\t<div class=\"elementor-widget-container\">\n\t\t\t\t\t\t\t<div class=\"elementor-divider\">\n\t\t\t<span class=\"elementor-divider-separator\">\n\t\t\t\t\t\t<\/span>\n\t\t<\/div>\n\t\t\t\t\t\t<\/div>\n\t\t\t\t<\/div>\n\t\t\t\t<\/div>\n\t\t\t\t<\/div>","protected":false},"excerpt":{"rendered":"<p>Residences and Stays NON-PROFIT RESIDENCE WHAT IS IT? Non-profit residency is an authorisation that allows foreigners to reside in Spain without carrying out work or professional activities. It is ideal for those who wish to live in Spain for personal reasons, enjoy their quality of life or invest in the country without the need to work. ... <a title=\"Non-Profit Residence\" class=\"read-more\" href=\"https:\/\/echeverriafarriols.com\/en\/residencia-no-lucrativa\/\" aria-label=\"Read more about Non-Profit Residence\">Read more<\/a><\/p>","protected":false},"author":8,"featured_media":0,"parent":0,"menu_order":0,"comment_status":"closed","ping_status":"closed","template":"elementor_header_footer","meta":{"pgc_sgb_lightbox_settings":"","footnotes":""},"class_list":["post-2080","page","type-page","status-publish"],"yoast_head":"<!-- This site is optimized with the Yoast SEO plugin v27.5 - https:\/\/yoast.com\/product\/yoast-seo-wordpress\/ -->\n<title>Residencia No Lucrativa - Echeverria Farriols<\/title>\n<meta name=\"robots\" content=\"index, follow, max-snippet:-1, max-image-preview:large, max-video-preview:-1\" \/>\n<link rel=\"canonical\" href=\"https:\/\/echeverriafarriols.com\/en\/residencia-no-lucrativa\/\" \/>\n<meta property=\"og:locale\" content=\"en_GB\" \/>\n<meta property=\"og:type\" content=\"article\" \/>\n<meta property=\"og:title\" content=\"Residencia No Lucrativa - Echeverria Farriols\" \/>\n<meta property=\"og:description\" content=\"Residencias y Estancias RESIDENCIA NO LUCRATIVA \u00bfQU\u00c9 ES? La residencia no lucrativa es una autorizaci\u00f3n que permite a los extranjeros residir en Espa\u00f1a sin realizar actividades laborales o profesionales. Es ideal para quienes desean vivir en Espa\u00f1a por motivos personales, disfrutar de su calidad de vida o invertir en el pa\u00eds sin necesidad de trabajar. ... Read more\" \/>\n<meta property=\"og:url\" content=\"https:\/\/echeverriafarriols.com\/en\/residencia-no-lucrativa\/\" \/>\n<meta property=\"og:site_name\" content=\"Echeverria Farriols\" \/>\n<meta property=\"article:modified_time\" content=\"2025-06-26T17:06:21+00:00\" \/>\n<meta property=\"og:image\" content=\"https:\/\/echeverriafarriols.com\/wp-content\/uploads\/2024\/11\/Logo-principal89@4x.png\" \/>\n\t<meta property=\"og:image:width\" content=\"798\" \/>\n\t<meta property=\"og:image:height\" content=\"494\" \/>\n\t<meta property=\"og:image:type\" content=\"image\/png\" \/>\n<meta name=\"twitter:card\" content=\"summary_large_image\" \/>\n<meta name=\"twitter:label1\" content=\"Estimated reading time\" \/>\n\t<meta name=\"twitter:data1\" content=\"2 minutes\" \/>\n<script type=\"application\/ld+json\" class=\"yoast-schema-graph\">{\"@context\":\"https:\\\/\\\/schema.org\",\"@graph\":[{\"@type\":\"WebPage\",\"@id\":\"https:\\\/\\\/echeverriafarriols.com\\\/residencia-no-lucrativa\\\/\",\"url\":\"https:\\\/\\\/echeverriafarriols.com\\\/residencia-no-lucrativa\\\/\",\"name\":\"Residencia No Lucrativa - Echeverria Farriols\",\"isPartOf\":{\"@id\":\"https:\\\/\\\/echeverriafarriols.com\\\/#website\"},\"datePublished\":\"2025-04-16T15:30:46+00:00\",\"dateModified\":\"2025-06-26T17:06:21+00:00\",\"breadcrumb\":{\"@id\":\"https:\\\/\\\/echeverriafarriols.com\\\/residencia-no-lucrativa\\\/#breadcrumb\"},\"inLanguage\":\"en-GB\",\"potentialAction\":[{\"@type\":\"ReadAction\",\"target\":[\"https:\\\/\\\/echeverriafarriols.com\\\/residencia-no-lucrativa\\\/\"]}]},{\"@type\":\"BreadcrumbList\",\"@id\":\"https:\\\/\\\/echeverriafarriols.com\\\/residencia-no-lucrativa\\\/#breadcrumb\",\"itemListElement\":[{\"@type\":\"ListItem\",\"position\":1,\"name\":\"Portada\",\"item\":\"https:\\\/\\\/echeverriafarriols.com\\\/\"},{\"@type\":\"ListItem\",\"position\":2,\"name\":\"Residencia No Lucrativa\"}]},{\"@type\":\"WebSite\",\"@id\":\"https:\\\/\\\/echeverriafarriols.com\\\/#website\",\"url\":\"https:\\\/\\\/echeverriafarriols.com\\\/\",\"name\":\"Echeverr\u00eda Farriols\",\"description\":\"Asesor\u00eda jur\u00eddica integral a personas y empresas\",\"publisher\":{\"@id\":\"https:\\\/\\\/echeverriafarriols.com\\\/#organization\"},\"potentialAction\":[{\"@type\":\"SearchAction\",\"target\":{\"@type\":\"EntryPoint\",\"urlTemplate\":\"https:\\\/\\\/echeverriafarriols.com\\\/?s={search_term_string}\"},\"query-input\":{\"@type\":\"PropertyValueSpecification\",\"valueRequired\":true,\"valueName\":\"search_term_string\"}}],\"inLanguage\":\"en-GB\"},{\"@type\":\"Organization\",\"@id\":\"https:\\\/\\\/echeverriafarriols.com\\\/#organization\",\"name\":\"Echeverria Farriols\",\"url\":\"https:\\\/\\\/echeverriafarriols.com\\\/\",\"logo\":{\"@type\":\"ImageObject\",\"inLanguage\":\"en-GB\",\"@id\":\"https:\\\/\\\/echeverriafarriols.com\\\/#\\\/schema\\\/logo\\\/image\\\/\",\"url\":\"https:\\\/\\\/echeverriafarriols.com\\\/wp-content\\\/uploads\\\/2024\\\/11\\\/Logo-principal89@4x.png\",\"contentUrl\":\"https:\\\/\\\/echeverriafarriols.com\\\/wp-content\\\/uploads\\\/2024\\\/11\\\/Logo-principal89@4x.png\",\"width\":798,\"height\":494,\"caption\":\"Echeverria Farriols\"},\"image\":{\"@id\":\"https:\\\/\\\/echeverriafarriols.com\\\/#\\\/schema\\\/logo\\\/image\\\/\"},\"sameAs\":[\"https:\\\/\\\/www.instagram.com\\\/mariecheverriaj\\\/\",\"https:\\\/\\\/www.linkedin.com\\\/in\\\/maripoupee\\\/?originalSubdomain=es\"]}]}<\/script>\n<!-- \/ Yoast SEO plugin. -->","yoast_head_json":{"title":"Non-Profit Residence - Echeverria Farriols","robots":{"index":"index","follow":"follow","max-snippet":"max-snippet:-1","max-image-preview":"max-image-preview:large","max-video-preview":"max-video-preview:-1"},"canonical":"https:\/\/echeverriafarriols.com\/en\/residencia-no-lucrativa\/","og_locale":"en_GB","og_type":"article","og_title":"Residencia No Lucrativa - Echeverria Farriols","og_description":"Residencias y Estancias RESIDENCIA NO LUCRATIVA \u00bfQU\u00c9 ES? La residencia no lucrativa es una autorizaci\u00f3n que permite a los extranjeros residir en Espa\u00f1a sin realizar actividades laborales o profesionales. Es ideal para quienes desean vivir en Espa\u00f1a por motivos personales, disfrutar de su calidad de vida o invertir en el pa\u00eds sin necesidad de trabajar. ... Read more","og_url":"https:\/\/echeverriafarriols.com\/en\/residencia-no-lucrativa\/","og_site_name":"Echeverria Farriols","article_modified_time":"2025-06-26T17:06:21+00:00","og_image":[{"width":798,"height":494,"url":"https:\/\/echeverriafarriols.com\/wp-content\/uploads\/2024\/11\/Logo-principal89@4x.png","type":"image\/png"}],"twitter_card":"summary_large_image","twitter_misc":{"Estimated reading time":"2 minutes"},"schema":{"@context":"https:\/\/schema.org","@graph":[{"@type":"WebPage","@id":"https:\/\/echeverriafarriols.com\/residencia-no-lucrativa\/","url":"https:\/\/echeverriafarriols.com\/residencia-no-lucrativa\/","name":"Non-Profit Residence - Echeverria Farriols","isPartOf":{"@id":"https:\/\/echeverriafarriols.com\/#website"},"datePublished":"2025-04-16T15:30:46+00:00","dateModified":"2025-06-26T17:06:21+00:00","breadcrumb":{"@id":"https:\/\/echeverriafarriols.com\/residencia-no-lucrativa\/#breadcrumb"},"inLanguage":"en-GB","potentialAction":[{"@type":"ReadAction","target":["https:\/\/echeverriafarriols.com\/residencia-no-lucrativa\/"]}]},{"@type":"BreadcrumbList","@id":"https:\/\/echeverriafarriols.com\/residencia-no-lucrativa\/#breadcrumb","itemListElement":[{"@type":"ListItem","position":1,"name":"Portada","item":"https:\/\/echeverriafarriols.com\/"},{"@type":"ListItem","position":2,"name":"Residencia No Lucrativa"}]},{"@type":"WebSite","@id":"https:\/\/echeverriafarriols.com\/#website","url":"https:\/\/echeverriafarriols.com\/","name":"Echeverr\u00eda Farriols","description":"Comprehensive legal advice to individuals and companies","publisher":{"@id":"https:\/\/echeverriafarriols.com\/#organization"},"potentialAction":[{"@type":"SearchAction","target":{"@type":"EntryPoint","urlTemplate":"https:\/\/echeverriafarriols.com\/?s={search_term_string}"},"query-input":{"@type":"PropertyValueSpecification","valueRequired":true,"valueName":"search_term_string"}}],"inLanguage":"en-GB"},{"@type":"Organization","@id":"https:\/\/echeverriafarriols.com\/#organization","name":"Echeverria Farriols","url":"https:\/\/echeverriafarriols.com\/","logo":{"@type":"ImageObject","inLanguage":"en-GB","@id":"https:\/\/echeverriafarriols.com\/#\/schema\/logo\/image\/","url":"https:\/\/echeverriafarriols.com\/wp-content\/uploads\/2024\/11\/Logo-principal89@4x.png","contentUrl":"https:\/\/echeverriafarriols.com\/wp-content\/uploads\/2024\/11\/Logo-principal89@4x.png","width":798,"height":494,"caption":"Echeverria Farriols"},"image":{"@id":"https:\/\/echeverriafarriols.com\/#\/schema\/logo\/image\/"},"sameAs":["https:\/\/www.instagram.com\/mariecheverriaj\/","https:\/\/www.linkedin.com\/in\/maripoupee\/?originalSubdomain=es"]}]}},"_links":{"self":[{"href":"https:\/\/echeverriafarriols.com\/en\/wp-json\/wp\/v2\/pages\/2080","targetHints":{"allow":["GET"]}}],"collection":[{"href":"https:\/\/echeverriafarriols.com\/en\/wp-json\/wp\/v2\/pages"}],"about":[{"href":"https:\/\/echeverriafarriols.com\/en\/wp-json\/wp\/v2\/types\/page"}],"author":[{"embeddable":true,"href":"https:\/\/echeverriafarriols.com\/en\/wp-json\/wp\/v2\/users\/8"}],"replies":[{"embeddable":true,"href":"https:\/\/echeverriafarriols.com\/en\/wp-json\/wp\/v2\/comments?post=2080"}],"version-history":[{"count":7,"href":"https:\/\/echeverriafarriols.com\/en\/wp-json\/wp\/v2\/pages\/2080\/revisions"}],"predecessor-version":[{"id":2479,"href":"https:\/\/echeverriafarriols.com\/en\/wp-json\/wp\/v2\/pages\/2080\/revisions\/2479"}],"wp:attachment":[{"href":"https:\/\/echeverriafarriols.com\/en\/wp-json\/wp\/v2\/media?parent=2080"}],"curies":[{"name":"wp","href":"https:\/\/api.w.org\/{rel}","templated":true}]}}