{"id":2015,"date":"2025-04-16T15:16:39","date_gmt":"2025-04-16T14:16:39","guid":{"rendered":"https:\/\/echeverriafarriols.com\/?page_id=2015"},"modified":"2025-08-01T12:27:03","modified_gmt":"2025-08-01T11:27:03","slug":"asesoria-juridica-o-litigacion-2","status":"publish","type":"page","link":"https:\/\/echeverriafarriols.com\/en\/asesoria-juridica-o-litigacion-2\/","title":{"rendered":"Legal Advice or Litigation"},"content":{"rendered":"<div data-elementor-type=\"wp-page\" data-elementor-id=\"2015\" class=\"elementor elementor-2015\" data-elementor-post-type=\"page\">\n\t\t\t\t<div class=\"elementor-element elementor-element-b82f400 e-con-full e-flex e-con e-parent\" data-id=\"b82f400\" data-element_type=\"container\" data-e-type=\"container\">\n\t\t\t\t<div class=\"elementor-element elementor-element-c02d0eb elementor-widget elementor-widget-heading\" data-id=\"c02d0eb\" data-element_type=\"widget\" data-e-type=\"widget\" data-widget_type=\"heading.default\">\n\t\t\t\t<div class=\"elementor-widget-container\">\n\t\t\t\t\t<h2 class=\"elementor-heading-title elementor-size-default\">Legal Advice or Litigation<\/h2>\t\t\t\t<\/div>\n\t\t\t\t<\/div>\n\t\t\t\t<\/div>\n\t\t<div class=\"elementor-element elementor-element-f52d888 e-flex e-con-boxed e-con e-parent\" data-id=\"f52d888\" data-element_type=\"container\" data-e-type=\"container\">\n\t\t\t\t\t<div class=\"e-con-inner\">\n\t\t\t\t<div class=\"elementor-element elementor-element-6d1e945 elementor-widget elementor-widget-text-editor\" data-id=\"6d1e945\" data-element_type=\"widget\" data-e-type=\"widget\" data-widget_type=\"text-editor.default\">\n\t\t\t\t<div class=\"elementor-widget-container\">\n\t\t\t\t\t\t\t\t\t<p class=\"p1\">Good advice is essential to ensure the effective defence and protection of our clients' rights and our service is not only limited to advice and excellent representation in litigation, but we seek to provide alternative dispute resolutions for a successful outcome.<\/p><p class=\"p1\">From <b>Echeverr\u00eda Farriols Lawyers &amp; Associates<\/b>We treat each case as unique, providing meticulous attention and a rigorous approach. We not only offer legal solutions, but also analyse the client's needs from a practical and strategic perspective, anticipating risks and ensuring the best outcome. Whether in court or in negotiations, our team shares a commitment to excellence and effective dispute resolution.<\/p><p class=\"p1\">At <b>Echeverr\u00eda Farriols Lawyers &amp; Associates<\/b>We offer a solid and personalised legal accompaniment, ensuring that our clients have the best defence and advice at every stage of the proceedings.<\/p>\t\t\t\t\t\t\t\t<\/div>\n\t\t\t\t<\/div>\n\t\t\t\t\t<\/div>\n\t\t\t\t<\/div>\n\t\t<div class=\"elementor-element elementor-element-7b251cb e-flex e-con-boxed e-con e-parent\" data-id=\"7b251cb\" data-element_type=\"container\" data-e-type=\"container\">\n\t\t\t\t\t<div class=\"e-con-inner\">\n\t\t\t\t<div class=\"elementor-element elementor-element-84cd791 elementor-widget elementor-widget-heading\" data-id=\"84cd791\" data-element_type=\"widget\" data-e-type=\"widget\" data-widget_type=\"heading.default\">\n\t\t\t\t<div class=\"elementor-widget-container\">\n\t\t\t\t\t<h2 class=\"elementor-heading-title elementor-size-default\">Our services include:<\/h2>\t\t\t\t<\/div>\n\t\t\t\t<\/div>\n\t\t<div class=\"elementor-element elementor-element-2f3fc0e e-flex e-con-boxed e-con e-child\" data-id=\"2f3fc0e\" data-element_type=\"container\" data-e-type=\"container\">\n\t\t\t\t\t<div class=\"e-con-inner\">\n\t\t\t\t<div class=\"elementor-element elementor-element-28d41af elementor-position-inline-start elementor-mobile-position-inline-start elementor-view-default elementor-widget elementor-widget-icon-box\" data-id=\"28d41af\" data-element_type=\"widget\" data-e-type=\"widget\" data-widget_type=\"icon-box.default\">\n\t\t\t\t<div class=\"elementor-widget-container\">\n\t\t\t\t\t\t\t<div class=\"elementor-icon-box-wrapper\">\n\n\t\t\t\t\t\t<div class=\"elementor-icon-box-icon\">\n\t\t\t\t<span  class=\"elementor-icon\">\n\t\t\t\t<i aria-hidden=\"true\" class=\"fas fa-check\"><\/i>\t\t\t\t<\/span>\n\t\t\t<\/div>\n\t\t\t\n\t\t\t\t\t\t<div class=\"elementor-icon-box-content\">\n\n\t\t\t\t\n\t\t\t\t\t\t\t\t\t<p class=\"elementor-icon-box-description\">\n\t\t\t\t\t\tLitigation and legal proceedings in different areas of law\n\t\t\t\t\t<\/p>\n\t\t\t\t\n\t\t\t<\/div>\n\t\t\t\n\t\t<\/div>\n\t\t\t\t\t\t<\/div>\n\t\t\t\t<\/div>\n\t\t\t\t<div class=\"elementor-element elementor-element-47dbdc8 elementor-position-inline-start elementor-mobile-position-inline-start elementor-view-default elementor-widget elementor-widget-icon-box\" data-id=\"47dbdc8\" data-element_type=\"widget\" data-e-type=\"widget\" data-widget_type=\"icon-box.default\">\n\t\t\t\t<div class=\"elementor-widget-container\">\n\t\t\t\t\t\t\t<div class=\"elementor-icon-box-wrapper\">\n\n\t\t\t\t\t\t<div class=\"elementor-icon-box-icon\">\n\t\t\t\t<span  class=\"elementor-icon\">\n\t\t\t\t<i aria-hidden=\"true\" class=\"fas fa-check\"><\/i>\t\t\t\t<\/span>\n\t\t\t<\/div>\n\t\t\t\n\t\t\t\t\t\t<div class=\"elementor-icon-box-content\">\n\n\t\t\t\t\n\t\t\t\t\t\t\t\t\t<p class=\"elementor-icon-box-description\">\n\t\t\t\t\t\tFiling of applications with the Chamber for Contentious-Administrative Proceedings\t\t\t\t\t<\/p>\n\t\t\t\t\n\t\t\t<\/div>\n\t\t\t\n\t\t<\/div>\n\t\t\t\t\t\t<\/div>\n\t\t\t\t<\/div>\n\t\t\t\t<div class=\"elementor-element elementor-element-4c9b584 elementor-position-inline-start elementor-mobile-position-inline-start elementor-view-default elementor-widget elementor-widget-icon-box\" data-id=\"4c9b584\" data-element_type=\"widget\" data-e-type=\"widget\" data-widget_type=\"icon-box.default\">\n\t\t\t\t<div class=\"elementor-widget-container\">\n\t\t\t\t\t\t\t<div class=\"elementor-icon-box-wrapper\">\n\n\t\t\t\t\t\t<div class=\"elementor-icon-box-icon\">\n\t\t\t\t<span  class=\"elementor-icon\">\n\t\t\t\t<i aria-hidden=\"true\" class=\"fas fa-check\"><\/i>\t\t\t\t<\/span>\n\t\t\t<\/div>\n\t\t\t\n\t\t\t\t\t\t<div class=\"elementor-icon-box-content\">\n\n\t\t\t\t\n\t\t\t\t\t\t\t\t\t<p class=\"elementor-icon-box-description\">\n\t\t\t\t\t\tExequatur\n\t\t\t\t\t<\/p>\n\t\t\t\t\n\t\t\t<\/div>\n\t\t\t\n\t\t<\/div>\n\t\t\t\t\t\t<\/div>\n\t\t\t\t<\/div>\n\t\t\t\t\t<\/div>\n\t\t\t\t<\/div>\n\t\t\t\t\t<\/div>\n\t\t\t\t<\/div>\n\t\t<div class=\"elementor-element elementor-element-473e3fd e-flex e-con-boxed e-con e-parent\" data-id=\"473e3fd\" data-element_type=\"container\" data-e-type=\"container\">\n\t\t\t\t\t<div class=\"e-con-inner\">\n\t\t\t\t<div class=\"elementor-element elementor-element-b0f0e78 elementor-position-left elementor-vertical-align-middle elementor-position-left elementor-widget elementor-widget-image-box\" data-id=\"b0f0e78\" data-element_type=\"widget\" data-e-type=\"widget\" data-widget_type=\"image-box.default\">\n\t\t\t\t<div class=\"elementor-widget-container\">\n\t\t\t\t\t<div class=\"elementor-image-box-wrapper\"><figure class=\"elementor-image-box-img\"><img decoding=\"async\" width=\"150\" height=\"150\" src=\"https:\/\/echeverriafarriols.com\/wp-content\/uploads\/2025\/03\/leyes-corporativas-150x150.png\" class=\"attachment-thumbnail size-thumbnail wp-image-1110\" alt=\"\" srcset=\"https:\/\/echeverriafarriols.com\/wp-content\/uploads\/2025\/03\/leyes-corporativas-150x150.png 150w, https:\/\/echeverriafarriols.com\/wp-content\/uploads\/2025\/03\/leyes-corporativas-300x300.png 300w, https:\/\/echeverriafarriols.com\/wp-content\/uploads\/2025\/03\/leyes-corporativas.png 512w\" sizes=\"(max-width: 150px) 100vw, 150px\" \/><\/figure><div class=\"elementor-image-box-content\"><p class=\"elementor-image-box-description\">Do you have a legal dispute and don't know where to start?<br>\nWe offer you expert advice on litigation, mediation and legal defence.<br>\nWrite to us and let us find a solution to your case with firmness, closeness and commitment.<br>\n<br><b>We listen to you. We guide you. We defend you.<\/b>\n<\/p><\/div><\/div>\t\t\t\t<\/div>\n\t\t\t\t<\/div>\n\t\t\t\t<div class=\"elementor-element elementor-element-9b31ab0 elementor-align-center elementor-widget elementor-widget-button\" data-id=\"9b31ab0\" data-element_type=\"widget\" data-e-type=\"widget\" data-widget_type=\"button.default\">\n\t\t\t\t<div class=\"elementor-widget-container\">\n\t\t\t\t\t\t\t\t\t<div class=\"elementor-button-wrapper\">\n\t\t\t\t\t<a class=\"elementor-button elementor-button-link elementor-size-sm\" href=\"https:\/\/echeverriafarriols.com\/en\/contacto\/\">\n\t\t\t\t\t\t<span class=\"elementor-button-content-wrapper\">\n\t\t\t\t\t\t\t\t\t<span class=\"elementor-button-text\">Contact<\/span>\n\t\t\t\t\t<\/span>\n\t\t\t\t\t<\/a>\n\t\t\t\t<\/div>\n\t\t\t\t\t\t\t\t<\/div>\n\t\t\t\t<\/div>\n\t\t\t\t\t<\/div>\n\t\t\t\t<\/div>\n\t\t<div class=\"elementor-element elementor-element-0e88648 e-con-full e-flex e-con e-parent\" data-id=\"0e88648\" data-element_type=\"container\" data-e-type=\"container\">\n\t\t\t\t<div class=\"elementor-element elementor-element-efb26a0 elementor-widget-divider--view-line elementor-widget elementor-widget-divider\" data-id=\"efb26a0\" data-element_type=\"widget\" data-e-type=\"widget\" data-widget_type=\"divider.default\">\n\t\t\t\t<div class=\"elementor-widget-container\">\n\t\t\t\t\t\t\t<div class=\"elementor-divider\">\n\t\t\t<span class=\"elementor-divider-separator\">\n\t\t\t\t\t\t<\/span>\n\t\t<\/div>\n\t\t\t\t\t\t<\/div>\n\t\t\t\t<\/div>\n\t\t\t\t<\/div>\n\t\t\t\t<\/div>","protected":false},"excerpt":{"rendered":"<p>Legal Advice or Litigation Good advice is essential to ensure an effective defence and the protection of our clients' rights and our service is not only limited to advice and excellent representation in litigation, but we seek to provide alternatives for the resolution of disputes for satisfactory results. Since ... <a title=\"Legal Advice or Litigation\" class=\"read-more\" href=\"https:\/\/echeverriafarriols.com\/en\/asesoria-juridica-o-litigacion-2\/\" aria-label=\"Read more about Legal Advice or Litigation\">Read more<\/a><\/p>","protected":false},"author":8,"featured_media":0,"parent":0,"menu_order":0,"comment_status":"closed","ping_status":"closed","template":"elementor_header_footer","meta":{"pgc_sgb_lightbox_settings":"","footnotes":""},"class_list":["post-2015","page","type-page","status-publish"],"yoast_head":"<!-- This site is optimized with the Yoast SEO plugin v27.5 - https:\/\/yoast.com\/product\/yoast-seo-wordpress\/ -->\n<title>Asesor\u00eda Jur\u00eddica o Litigaci\u00f3n | Echeverr\u00eda Farriols Abogados Echeverria Farriols<\/title>\n<meta name=\"description\" content=\"Ofrecemos asesor\u00eda legal integral en litigios, mediaci\u00f3n y defensa jur\u00eddica en Espa\u00f1a. Protege tus derechos con nuestro equipo especializado.\" \/>\n<meta name=\"robots\" content=\"index, follow, max-snippet:-1, max-image-preview:large, max-video-preview:-1\" \/>\n<link rel=\"canonical\" href=\"https:\/\/echeverriafarriols.com\/en\/asesoria-juridica-o-litigacion-2\/\" \/>\n<meta property=\"og:locale\" content=\"en_GB\" \/>\n<meta property=\"og:type\" content=\"article\" \/>\n<meta property=\"og:title\" content=\"Asesor\u00eda Jur\u00eddica o Litigaci\u00f3n | Echeverr\u00eda Farriols Abogados Echeverria Farriols\" \/>\n<meta property=\"og:description\" content=\"Ofrecemos asesor\u00eda legal integral en litigios, mediaci\u00f3n y defensa jur\u00eddica en Espa\u00f1a. Protege tus derechos con nuestro equipo especializado.\" \/>\n<meta property=\"og:url\" content=\"https:\/\/echeverriafarriols.com\/en\/asesoria-juridica-o-litigacion-2\/\" \/>\n<meta property=\"og:site_name\" content=\"Echeverria Farriols\" \/>\n<meta property=\"article:modified_time\" content=\"2025-08-01T11:27:03+00:00\" \/>\n<meta property=\"og:image\" content=\"https:\/\/echeverriafarriols.com\/wp-content\/uploads\/2025\/03\/leyes-corporativas-150x150.png\" \/>\n<meta name=\"twitter:card\" content=\"summary_large_image\" \/>\n<meta name=\"twitter:label1\" content=\"Estimated reading time\" \/>\n\t<meta name=\"twitter:data1\" content=\"2 minutes\" \/>\n<script type=\"application\/ld+json\" class=\"yoast-schema-graph\">{\"@context\":\"https:\\\/\\\/schema.org\",\"@graph\":[{\"@type\":\"WebPage\",\"@id\":\"https:\\\/\\\/echeverriafarriols.com\\\/asesoria-juridica-o-litigacion-2\\\/\",\"url\":\"https:\\\/\\\/echeverriafarriols.com\\\/asesoria-juridica-o-litigacion-2\\\/\",\"name\":\"Asesor\u00eda Jur\u00eddica o Litigaci\u00f3n | Echeverr\u00eda Farriols Abogados Echeverria Farriols\",\"isPartOf\":{\"@id\":\"https:\\\/\\\/echeverriafarriols.com\\\/#website\"},\"primaryImageOfPage\":{\"@id\":\"https:\\\/\\\/echeverriafarriols.com\\\/asesoria-juridica-o-litigacion-2\\\/#primaryimage\"},\"image\":{\"@id\":\"https:\\\/\\\/echeverriafarriols.com\\\/asesoria-juridica-o-litigacion-2\\\/#primaryimage\"},\"thumbnailUrl\":\"https:\\\/\\\/echeverriafarriols.com\\\/wp-content\\\/uploads\\\/2025\\\/03\\\/leyes-corporativas-150x150.png\",\"datePublished\":\"2025-04-16T14:16:39+00:00\",\"dateModified\":\"2025-08-01T11:27:03+00:00\",\"description\":\"Ofrecemos asesor\u00eda legal integral en litigios, mediaci\u00f3n y defensa jur\u00eddica en Espa\u00f1a. Protege tus derechos con nuestro equipo especializado.\",\"breadcrumb\":{\"@id\":\"https:\\\/\\\/echeverriafarriols.com\\\/asesoria-juridica-o-litigacion-2\\\/#breadcrumb\"},\"inLanguage\":\"en-GB\",\"potentialAction\":[{\"@type\":\"ReadAction\",\"target\":[\"https:\\\/\\\/echeverriafarriols.com\\\/asesoria-juridica-o-litigacion-2\\\/\"]}]},{\"@type\":\"ImageObject\",\"inLanguage\":\"en-GB\",\"@id\":\"https:\\\/\\\/echeverriafarriols.com\\\/asesoria-juridica-o-litigacion-2\\\/#primaryimage\",\"url\":\"https:\\\/\\\/echeverriafarriols.com\\\/wp-content\\\/uploads\\\/2025\\\/03\\\/leyes-corporativas-150x150.png\",\"contentUrl\":\"https:\\\/\\\/echeverriafarriols.com\\\/wp-content\\\/uploads\\\/2025\\\/03\\\/leyes-corporativas-150x150.png\"},{\"@type\":\"BreadcrumbList\",\"@id\":\"https:\\\/\\\/echeverriafarriols.com\\\/asesoria-juridica-o-litigacion-2\\\/#breadcrumb\",\"itemListElement\":[{\"@type\":\"ListItem\",\"position\":1,\"name\":\"Portada\",\"item\":\"https:\\\/\\\/echeverriafarriols.com\\\/\"},{\"@type\":\"ListItem\",\"position\":2,\"name\":\"Asesor\u00eda Jur\u00eddica o Litigaci\u00f3n\"}]},{\"@type\":\"WebSite\",\"@id\":\"https:\\\/\\\/echeverriafarriols.com\\\/#website\",\"url\":\"https:\\\/\\\/echeverriafarriols.com\\\/\",\"name\":\"Echeverr\u00eda Farriols\",\"description\":\"Asesor\u00eda jur\u00eddica integral a personas y empresas\",\"publisher\":{\"@id\":\"https:\\\/\\\/echeverriafarriols.com\\\/#organization\"},\"potentialAction\":[{\"@type\":\"SearchAction\",\"target\":{\"@type\":\"EntryPoint\",\"urlTemplate\":\"https:\\\/\\\/echeverriafarriols.com\\\/?s={search_term_string}\"},\"query-input\":{\"@type\":\"PropertyValueSpecification\",\"valueRequired\":true,\"valueName\":\"search_term_string\"}}],\"inLanguage\":\"en-GB\"},{\"@type\":\"Organization\",\"@id\":\"https:\\\/\\\/echeverriafarriols.com\\\/#organization\",\"name\":\"Echeverria Farriols\",\"url\":\"https:\\\/\\\/echeverriafarriols.com\\\/\",\"logo\":{\"@type\":\"ImageObject\",\"inLanguage\":\"en-GB\",\"@id\":\"https:\\\/\\\/echeverriafarriols.com\\\/#\\\/schema\\\/logo\\\/image\\\/\",\"url\":\"https:\\\/\\\/echeverriafarriols.com\\\/wp-content\\\/uploads\\\/2024\\\/11\\\/Logo-principal89@4x.png\",\"contentUrl\":\"https:\\\/\\\/echeverriafarriols.com\\\/wp-content\\\/uploads\\\/2024\\\/11\\\/Logo-principal89@4x.png\",\"width\":798,\"height\":494,\"caption\":\"Echeverria Farriols\"},\"image\":{\"@id\":\"https:\\\/\\\/echeverriafarriols.com\\\/#\\\/schema\\\/logo\\\/image\\\/\"},\"sameAs\":[\"https:\\\/\\\/www.instagram.com\\\/mariecheverriaj\\\/\",\"https:\\\/\\\/www.linkedin.com\\\/in\\\/maripoupee\\\/?originalSubdomain=es\"]}]}<\/script>\n<!-- \/ Yoast SEO plugin. -->","yoast_head_json":{"title":"Legal Advice or Litigation | Echeverr\u00eda Farriols Lawyers Echeverria Farriols","description":"We offer comprehensive legal advice on litigation, mediation and legal defence in Spain. Protect your rights with our specialised team.","robots":{"index":"index","follow":"follow","max-snippet":"max-snippet:-1","max-image-preview":"max-image-preview:large","max-video-preview":"max-video-preview:-1"},"canonical":"https:\/\/echeverriafarriols.com\/en\/asesoria-juridica-o-litigacion-2\/","og_locale":"en_GB","og_type":"article","og_title":"Asesor\u00eda Jur\u00eddica o Litigaci\u00f3n | Echeverr\u00eda Farriols Abogados Echeverria Farriols","og_description":"Ofrecemos asesor\u00eda legal integral en litigios, mediaci\u00f3n y defensa jur\u00eddica en Espa\u00f1a. Protege tus derechos con nuestro equipo especializado.","og_url":"https:\/\/echeverriafarriols.com\/en\/asesoria-juridica-o-litigacion-2\/","og_site_name":"Echeverria Farriols","article_modified_time":"2025-08-01T11:27:03+00:00","og_image":[{"url":"https:\/\/echeverriafarriols.com\/wp-content\/uploads\/2025\/03\/leyes-corporativas-150x150.png","type":"","width":"","height":""}],"twitter_card":"summary_large_image","twitter_misc":{"Estimated reading time":"2 minutes"},"schema":{"@context":"https:\/\/schema.org","@graph":[{"@type":"WebPage","@id":"https:\/\/echeverriafarriols.com\/asesoria-juridica-o-litigacion-2\/","url":"https:\/\/echeverriafarriols.com\/asesoria-juridica-o-litigacion-2\/","name":"Legal Advice or Litigation | Echeverr\u00eda Farriols Lawyers Echeverria Farriols","isPartOf":{"@id":"https:\/\/echeverriafarriols.com\/#website"},"primaryImageOfPage":{"@id":"https:\/\/echeverriafarriols.com\/asesoria-juridica-o-litigacion-2\/#primaryimage"},"image":{"@id":"https:\/\/echeverriafarriols.com\/asesoria-juridica-o-litigacion-2\/#primaryimage"},"thumbnailUrl":"https:\/\/echeverriafarriols.com\/wp-content\/uploads\/2025\/03\/leyes-corporativas-150x150.png","datePublished":"2025-04-16T14:16:39+00:00","dateModified":"2025-08-01T11:27:03+00:00","description":"We offer comprehensive legal advice on litigation, mediation and legal defence in Spain. Protect your rights with our specialised team.","breadcrumb":{"@id":"https:\/\/echeverriafarriols.com\/asesoria-juridica-o-litigacion-2\/#breadcrumb"},"inLanguage":"en-GB","potentialAction":[{"@type":"ReadAction","target":["https:\/\/echeverriafarriols.com\/asesoria-juridica-o-litigacion-2\/"]}]},{"@type":"ImageObject","inLanguage":"en-GB","@id":"https:\/\/echeverriafarriols.com\/asesoria-juridica-o-litigacion-2\/#primaryimage","url":"https:\/\/echeverriafarriols.com\/wp-content\/uploads\/2025\/03\/leyes-corporativas-150x150.png","contentUrl":"https:\/\/echeverriafarriols.com\/wp-content\/uploads\/2025\/03\/leyes-corporativas-150x150.png"},{"@type":"BreadcrumbList","@id":"https:\/\/echeverriafarriols.com\/asesoria-juridica-o-litigacion-2\/#breadcrumb","itemListElement":[{"@type":"ListItem","position":1,"name":"Portada","item":"https:\/\/echeverriafarriols.com\/"},{"@type":"ListItem","position":2,"name":"Asesor\u00eda Jur\u00eddica o Litigaci\u00f3n"}]},{"@type":"WebSite","@id":"https:\/\/echeverriafarriols.com\/#website","url":"https:\/\/echeverriafarriols.com\/","name":"Echeverr\u00eda Farriols","description":"Comprehensive legal advice to individuals and companies","publisher":{"@id":"https:\/\/echeverriafarriols.com\/#organization"},"potentialAction":[{"@type":"SearchAction","target":{"@type":"EntryPoint","urlTemplate":"https:\/\/echeverriafarriols.com\/?s={search_term_string}"},"query-input":{"@type":"PropertyValueSpecification","valueRequired":true,"valueName":"search_term_string"}}],"inLanguage":"en-GB"},{"@type":"Organization","@id":"https:\/\/echeverriafarriols.com\/#organization","name":"Echeverria Farriols","url":"https:\/\/echeverriafarriols.com\/","logo":{"@type":"ImageObject","inLanguage":"en-GB","@id":"https:\/\/echeverriafarriols.com\/#\/schema\/logo\/image\/","url":"https:\/\/echeverriafarriols.com\/wp-content\/uploads\/2024\/11\/Logo-principal89@4x.png","contentUrl":"https:\/\/echeverriafarriols.com\/wp-content\/uploads\/2024\/11\/Logo-principal89@4x.png","width":798,"height":494,"caption":"Echeverria Farriols"},"image":{"@id":"https:\/\/echeverriafarriols.com\/#\/schema\/logo\/image\/"},"sameAs":["https:\/\/www.instagram.com\/mariecheverriaj\/","https:\/\/www.linkedin.com\/in\/maripoupee\/?originalSubdomain=es"]}]}},"_links":{"self":[{"href":"https:\/\/echeverriafarriols.com\/en\/wp-json\/wp\/v2\/pages\/2015","targetHints":{"allow":["GET"]}}],"collection":[{"href":"https:\/\/echeverriafarriols.com\/en\/wp-json\/wp\/v2\/pages"}],"about":[{"href":"https:\/\/echeverriafarriols.com\/en\/wp-json\/wp\/v2\/types\/page"}],"author":[{"embeddable":true,"href":"https:\/\/echeverriafarriols.com\/en\/wp-json\/wp\/v2\/users\/8"}],"replies":[{"embeddable":true,"href":"https:\/\/echeverriafarriols.com\/en\/wp-json\/wp\/v2\/comments?post=2015"}],"version-history":[{"count":16,"href":"https:\/\/echeverriafarriols.com\/en\/wp-json\/wp\/v2\/pages\/2015\/revisions"}],"predecessor-version":[{"id":2464,"href":"https:\/\/echeverriafarriols.com\/en\/wp-json\/wp\/v2\/pages\/2015\/revisions\/2464"}],"wp:attachment":[{"href":"https:\/\/echeverriafarriols.com\/en\/wp-json\/wp\/v2\/media?parent=2015"}],"curies":[{"name":"wp","href":"https:\/\/api.w.org\/{rel}","templated":true}]}}