{"id":1092,"date":"2025-03-19T17:01:41","date_gmt":"2025-03-19T16:01:41","guid":{"rendered":"https:\/\/echeverriafarriols.com\/?page_id=1092"},"modified":"2025-08-01T12:42:59","modified_gmt":"2025-08-01T11:42:59","slug":"asesoria-juridica-o-litigacion","status":"publish","type":"page","link":"https:\/\/echeverriafarriols.com\/en\/asesoria-juridica-o-litigacion\/","title":{"rendered":"Legal Advice or Litigation?"},"content":{"rendered":"<div data-elementor-type=\"wp-page\" data-elementor-id=\"1092\" class=\"elementor elementor-1092\" data-elementor-post-type=\"page\">\n\t\t\t\t<div class=\"elementor-element elementor-element-4479aca e-con-full e-flex e-con e-parent\" data-id=\"4479aca\" data-element_type=\"container\" data-e-type=\"container\">\n\t\t\t\t<div class=\"elementor-element elementor-element-85175af elementor-widget elementor-widget-heading\" data-id=\"85175af\" data-element_type=\"widget\" data-e-type=\"widget\" data-widget_type=\"heading.default\">\n\t\t\t\t<div class=\"elementor-widget-container\">\n\t\t\t\t\t<h2 class=\"elementor-heading-title elementor-size-default\">Legal advice or litigation?<\/h2>\t\t\t\t<\/div>\n\t\t\t\t<\/div>\n\t\t\t\t<\/div>\n\t\t<div class=\"elementor-element elementor-element-11992b0 e-flex e-con-boxed e-con e-parent\" data-id=\"11992b0\" data-element_type=\"container\" data-e-type=\"container\">\n\t\t\t\t\t<div class=\"e-con-inner\">\n\t\t\t\t<div class=\"elementor-element elementor-element-6d2f456 elementor-widget elementor-widget-text-editor\" data-id=\"6d2f456\" data-element_type=\"widget\" data-e-type=\"widget\" data-widget_type=\"text-editor.default\">\n\t\t\t\t<div class=\"elementor-widget-container\">\n\t\t\t\t\t\t\t\t\t<p class=\"p1\">In times of conflict, making the right decisions is key. That is why, <b>having a lawyer with expertise in litigation and mediation<\/b> not only gives you legal backing, but also peace of mind.<\/p><p class=\"p1\">An experienced professional has a thorough understanding of court procedures and knows when it is best to mediate, negotiate or go to court. <b>A good litigator not only defends, but also prevents, guides and builds real solutions.<\/b>with a sound legal basis and a clear strategy.<\/p><p class=\"p1\">At <b>Echeverr\u00eda Farriols Lawyers &amp; Associates<\/b> we are committed to close, empathetic attention with a long-term vision. We get involved in each case as if it were our own, always seeking the path that most benefits our clients, with honesty and professional excellence.<\/p><p class=\"p1\"><b>Training, experience and humanity are our hallmarks. Because it's not just about winning a case, it's about helping you solve it in the best possible way.<\/b><\/p><p class=\"p1\">\u00a0<\/p>\t\t\t\t\t\t\t\t<\/div>\n\t\t\t\t<\/div>\n\t\t\t\t\t<\/div>\n\t\t\t\t<\/div>\n\t\t<div class=\"elementor-element elementor-element-5abb6a6 e-flex e-con-boxed e-con e-parent\" data-id=\"5abb6a6\" data-element_type=\"container\" data-e-type=\"container\">\n\t\t\t\t\t<div class=\"e-con-inner\">\n\t\t\t\t<div class=\"elementor-element elementor-element-9255fc2 elementor-position-left elementor-vertical-align-middle elementor-widget elementor-widget-image-box\" data-id=\"9255fc2\" data-element_type=\"widget\" data-e-type=\"widget\" data-widget_type=\"image-box.default\">\n\t\t\t\t<div class=\"elementor-widget-container\">\n\t\t\t\t\t<div class=\"elementor-image-box-wrapper\"><figure class=\"elementor-image-box-img\"><img decoding=\"async\" width=\"150\" height=\"150\" src=\"https:\/\/echeverriafarriols.com\/wp-content\/uploads\/2025\/03\/leyes-corporativas-150x150.png\" class=\"attachment-thumbnail size-thumbnail wp-image-1110\" alt=\"\" srcset=\"https:\/\/echeverriafarriols.com\/wp-content\/uploads\/2025\/03\/leyes-corporativas-150x150.png 150w, https:\/\/echeverriafarriols.com\/wp-content\/uploads\/2025\/03\/leyes-corporativas-300x300.png 300w, https:\/\/echeverriafarriols.com\/wp-content\/uploads\/2025\/03\/leyes-corporativas.png 512w\" sizes=\"(max-width: 150px) 100vw, 150px\" \/><\/figure><div class=\"elementor-image-box-content\"><p class=\"elementor-image-box-description\">Do you have a legal dispute or need advice?<br> <b>Contact us. We are here to defend and accompany you.<\/b>\n<\/p><\/div><\/div>\t\t\t\t<\/div>\n\t\t\t\t<\/div>\n\t\t\t\t<div class=\"elementor-element elementor-element-25ae58c elementor-align-center elementor-widget elementor-widget-button\" data-id=\"25ae58c\" data-element_type=\"widget\" data-e-type=\"widget\" data-widget_type=\"button.default\">\n\t\t\t\t<div class=\"elementor-widget-container\">\n\t\t\t\t\t\t\t\t\t<div class=\"elementor-button-wrapper\">\n\t\t\t\t\t<a class=\"elementor-button elementor-button-link elementor-size-sm\" href=\"https:\/\/echeverriafarriols.com\/en\/contacto\/\">\n\t\t\t\t\t\t<span class=\"elementor-button-content-wrapper\">\n\t\t\t\t\t\t\t\t\t<span class=\"elementor-button-text\">Contact<\/span>\n\t\t\t\t\t<\/span>\n\t\t\t\t\t<\/a>\n\t\t\t\t<\/div>\n\t\t\t\t\t\t\t\t<\/div>\n\t\t\t\t<\/div>\n\t\t\t\t\t<\/div>\n\t\t\t\t<\/div>\n\t\t<div class=\"elementor-element elementor-element-25a7221 e-flex e-con-boxed e-con e-parent\" data-id=\"25a7221\" data-element_type=\"container\" data-e-type=\"container\">\n\t\t\t\t\t<div class=\"e-con-inner\">\n\t\t\t\t<div class=\"elementor-element elementor-element-8fdd925 elementor-widget elementor-widget-text-editor\" data-id=\"8fdd925\" data-element_type=\"widget\" data-e-type=\"widget\" data-widget_type=\"text-editor.default\">\n\t\t\t\t<div class=\"elementor-widget-container\">\n\t\t\t\t\t\t\t\t\t<p class=\"p1\">SERVICES<\/p>\t\t\t\t\t\t\t\t<\/div>\n\t\t\t\t<\/div>\n\t\t<div class=\"elementor-element elementor-element-675a19d e-flex e-con-boxed e-con e-child\" data-id=\"675a19d\" data-element_type=\"container\" data-e-type=\"container\">\n\t\t\t\t\t<div class=\"e-con-inner\">\n\t\t\t\t<div class=\"elementor-element elementor-element-56ddcf5 elementor-icon-list--layout-traditional elementor-list-item-link-full_width elementor-widget elementor-widget-icon-list\" data-id=\"56ddcf5\" data-element_type=\"widget\" data-e-type=\"widget\" data-widget_type=\"icon-list.default\">\n\t\t\t\t<div class=\"elementor-widget-container\">\n\t\t\t\t\t\t\t<ul class=\"elementor-icon-list-items\">\n\t\t\t\t\t\t\t<li class=\"elementor-icon-list-item\">\n\t\t\t\t\t\t\t\t\t\t\t<a href=\"https:\/\/echeverriafarriols.com\/en\/asesoria-juridica-o-litigacion\/\">\n\n\t\t\t\t\t\t\t\t\t\t\t\t<span class=\"elementor-icon-list-icon\">\n\t\t\t\t\t\t\t<i aria-hidden=\"true\" class=\"fas fa-arrow-alt-circle-right\"><\/i>\t\t\t\t\t\t<\/span>\n\t\t\t\t\t\t\t\t\t\t<span class=\"elementor-icon-list-text\">Legal advice or litigation<\/span>\n\t\t\t\t\t\t\t\t\t\t\t<\/a>\n\t\t\t\t\t\t\t\t\t<\/li>\n\t\t\t\t\t\t\t\t<li class=\"elementor-icon-list-item\">\n\t\t\t\t\t\t\t\t\t\t\t<a href=\"https:\/\/echeverriafarriols.com\/en\/residencias-y-estancias\/\">\n\n\t\t\t\t\t\t\t\t\t\t\t\t<span class=\"elementor-icon-list-icon\">\n\t\t\t\t\t\t\t<i aria-hidden=\"true\" class=\"fas fa-arrow-alt-circle-right\"><\/i>\t\t\t\t\t\t<\/span>\n\t\t\t\t\t\t\t\t\t\t<span class=\"elementor-icon-list-text\">Residences and Stays<\/span>\n\t\t\t\t\t\t\t\t\t\t\t<\/a>\n\t\t\t\t\t\t\t\t\t<\/li>\n\t\t\t\t\t\t\t\t<li class=\"elementor-icon-list-item\">\n\t\t\t\t\t\t\t\t\t\t\t<a href=\"https:\/\/echeverriafarriols.com\/en\/emprendimiento\/\">\n\n\t\t\t\t\t\t\t\t\t\t\t\t<span class=\"elementor-icon-list-icon\">\n\t\t\t\t\t\t\t<i aria-hidden=\"true\" class=\"fas fa-arrow-alt-circle-right\"><\/i>\t\t\t\t\t\t<\/span>\n\t\t\t\t\t\t\t\t\t\t<span class=\"elementor-icon-list-text\">Entrepreneurship<\/span>\n\t\t\t\t\t\t\t\t\t\t\t<\/a>\n\t\t\t\t\t\t\t\t\t<\/li>\n\t\t\t\t\t\t\t\t<li class=\"elementor-icon-list-item\">\n\t\t\t\t\t\t\t\t\t\t\t<a href=\"https:\/\/echeverriafarriols.com\/en\/residencia-ue-y-familiares\/\">\n\n\t\t\t\t\t\t\t\t\t\t\t\t<span class=\"elementor-icon-list-icon\">\n\t\t\t\t\t\t\t<i aria-hidden=\"true\" class=\"fas fa-arrow-alt-circle-right\"><\/i>\t\t\t\t\t\t<\/span>\n\t\t\t\t\t\t\t\t\t\t<span class=\"elementor-icon-list-text\">EU Residence and Family<\/span>\n\t\t\t\t\t\t\t\t\t\t\t<\/a>\n\t\t\t\t\t\t\t\t\t<\/li>\n\t\t\t\t\t\t\t\t<li class=\"elementor-icon-list-item\">\n\t\t\t\t\t\t\t\t\t\t\t<a href=\"https:\/\/echeverriafarriols.com\/en\/plan-de-empresa-y-subvenciones\/\">\n\n\t\t\t\t\t\t\t\t\t\t\t\t<span class=\"elementor-icon-list-icon\">\n\t\t\t\t\t\t\t<i aria-hidden=\"true\" class=\"fas fa-arrow-alt-circle-right\"><\/i>\t\t\t\t\t\t<\/span>\n\t\t\t\t\t\t\t\t\t\t<span class=\"elementor-icon-list-text\">Business Plan and Subsidies<\/span>\n\t\t\t\t\t\t\t\t\t\t\t<\/a>\n\t\t\t\t\t\t\t\t\t<\/li>\n\t\t\t\t\t\t\t\t<li class=\"elementor-icon-list-item\">\n\t\t\t\t\t\t\t\t\t\t\t<a href=\"https:\/\/echeverriafarriols.com\/en\/nacionalidad-espanola\/\">\n\n\t\t\t\t\t\t\t\t\t\t\t\t<span class=\"elementor-icon-list-icon\">\n\t\t\t\t\t\t\t<i aria-hidden=\"true\" class=\"fas fa-arrow-alt-circle-right\"><\/i>\t\t\t\t\t\t<\/span>\n\t\t\t\t\t\t\t\t\t\t<span class=\"elementor-icon-list-text\">Spanish nationality<\/span>\n\t\t\t\t\t\t\t\t\t\t\t<\/a>\n\t\t\t\t\t\t\t\t\t<\/li>\n\t\t\t\t\t\t\t\t<li class=\"elementor-icon-list-item\">\n\t\t\t\t\t\t\t\t\t\t\t<a href=\"https:\/\/echeverriafarriols.com\/en\/recursos\/\">\n\n\t\t\t\t\t\t\t\t\t\t\t\t<span class=\"elementor-icon-list-icon\">\n\t\t\t\t\t\t\t<i aria-hidden=\"true\" class=\"fas fa-arrow-alt-circle-right\"><\/i>\t\t\t\t\t\t<\/span>\n\t\t\t\t\t\t\t\t\t\t<span class=\"elementor-icon-list-text\">Resources<\/span>\n\t\t\t\t\t\t\t\t\t\t\t<\/a>\n\t\t\t\t\t\t\t\t\t<\/li>\n\t\t\t\t\t\t\t\t<li class=\"elementor-icon-list-item\">\n\t\t\t\t\t\t\t\t\t\t\t<a href=\"https:\/\/echeverriafarriols.com\/en\/mercantil\/\">\n\n\t\t\t\t\t\t\t\t\t\t\t\t<span class=\"elementor-icon-list-icon\">\n\t\t\t\t\t\t\t<i aria-hidden=\"true\" class=\"fas fa-arrow-alt-circle-right\"><\/i>\t\t\t\t\t\t<\/span>\n\t\t\t\t\t\t\t\t\t\t<span class=\"elementor-icon-list-text\">Mercantile<\/span>\n\t\t\t\t\t\t\t\t\t\t\t<\/a>\n\t\t\t\t\t\t\t\t\t<\/li>\n\t\t\t\t\t\t\t\t<li class=\"elementor-icon-list-item\">\n\t\t\t\t\t\t\t\t\t\t\t<a href=\"https:\/\/echeverriafarriols.com\/en\/civil\/\">\n\n\t\t\t\t\t\t\t\t\t\t\t\t<span class=\"elementor-icon-list-icon\">\n\t\t\t\t\t\t\t<i aria-hidden=\"true\" class=\"fas fa-arrow-alt-circle-right\"><\/i>\t\t\t\t\t\t<\/span>\n\t\t\t\t\t\t\t\t\t\t<span class=\"elementor-icon-list-text\">Civil<\/span>\n\t\t\t\t\t\t\t\t\t\t\t<\/a>\n\t\t\t\t\t\t\t\t\t<\/li>\n\t\t\t\t\t\t\t\t<li class=\"elementor-icon-list-item\">\n\t\t\t\t\t\t\t\t\t\t\t<a href=\"https:\/\/echeverriafarriols.com\/en\/marcas-y-propiedad-intelectual\/\">\n\n\t\t\t\t\t\t\t\t\t\t\t\t<span class=\"elementor-icon-list-icon\">\n\t\t\t\t\t\t\t<i aria-hidden=\"true\" class=\"fas fa-arrow-alt-circle-right\"><\/i>\t\t\t\t\t\t<\/span>\n\t\t\t\t\t\t\t\t\t\t<span class=\"elementor-icon-list-text\">Trademarks and Intellectual Property<\/span>\n\t\t\t\t\t\t\t\t\t\t\t<\/a>\n\t\t\t\t\t\t\t\t\t<\/li>\n\t\t\t\t\t\t<\/ul>\n\t\t\t\t\t\t<\/div>\n\t\t\t\t<\/div>\n\t\t\t\t\t<\/div>\n\t\t\t\t<\/div>\n\t\t\t\t\t<\/div>\n\t\t\t\t<\/div>\n\t\t\t\t<\/div>","protected":false},"excerpt":{"rendered":"<p>Legal advice or litigation? In times of conflict, making the right decisions is key. That's why having a lawyer who is an expert in litigation and mediation not only gives you legal support, but also peace of mind. An experienced professional has a thorough understanding of court procedures and knows when it is best to mediate, negotiate or go to trial. An experienced ... <a title=\"Legal Advice or Litigation?\" class=\"read-more\" href=\"https:\/\/echeverriafarriols.com\/en\/asesoria-juridica-o-litigacion\/\" aria-label=\"Read more about Legal Advice or Litigation?\">Read more<\/a><\/p>","protected":false},"author":8,"featured_media":0,"parent":0,"menu_order":0,"comment_status":"closed","ping_status":"closed","template":"elementor_header_footer","meta":{"pgc_sgb_lightbox_settings":"","footnotes":""},"class_list":["post-1092","page","type-page","status-publish"],"yoast_head":"<!-- This site is optimized with the Yoast SEO plugin v27.5 - https:\/\/yoast.com\/product\/yoast-seo-wordpress\/ -->\n<title>Asesor\u00eda Jur\u00eddica y Litigaci\u00f3n | Echeverr\u00eda Farriols Abogados<\/title>\n<meta name=\"description\" content=\"Defiende tus derechos con nuestro equipo experto en asesor\u00eda jur\u00eddica y litigaci\u00f3n. Representaci\u00f3n legal efectiva en procedimientos judiciales.\" \/>\n<meta name=\"robots\" content=\"index, follow, max-snippet:-1, max-image-preview:large, max-video-preview:-1\" \/>\n<link rel=\"canonical\" href=\"https:\/\/echeverriafarriols.com\/en\/asesoria-juridica-o-litigacion\/\" \/>\n<meta property=\"og:locale\" content=\"en_GB\" \/>\n<meta property=\"og:type\" content=\"article\" \/>\n<meta property=\"og:title\" content=\"Asesor\u00eda Jur\u00eddica y Litigaci\u00f3n | Echeverr\u00eda Farriols Abogados\" \/>\n<meta property=\"og:description\" content=\"Defiende tus derechos con nuestro equipo experto en asesor\u00eda jur\u00eddica y litigaci\u00f3n. Representaci\u00f3n legal efectiva en procedimientos judiciales.\" \/>\n<meta property=\"og:url\" content=\"https:\/\/echeverriafarriols.com\/en\/asesoria-juridica-o-litigacion\/\" \/>\n<meta property=\"og:site_name\" content=\"Echeverria Farriols\" \/>\n<meta property=\"article:modified_time\" content=\"2025-08-01T11:42:59+00:00\" \/>\n<meta property=\"og:image\" content=\"https:\/\/echeverriafarriols.com\/wp-content\/uploads\/2025\/03\/leyes-corporativas-150x150.png\" \/>\n<meta name=\"twitter:card\" content=\"summary_large_image\" \/>\n<meta name=\"twitter:label1\" content=\"Estimated reading time\" \/>\n\t<meta name=\"twitter:data1\" content=\"2 minutes\" \/>\n<script type=\"application\/ld+json\" class=\"yoast-schema-graph\">{\"@context\":\"https:\\\/\\\/schema.org\",\"@graph\":[{\"@type\":\"WebPage\",\"@id\":\"https:\\\/\\\/echeverriafarriols.com\\\/asesoria-juridica-o-litigacion\\\/\",\"url\":\"https:\\\/\\\/echeverriafarriols.com\\\/asesoria-juridica-o-litigacion\\\/\",\"name\":\"Asesor\u00eda Jur\u00eddica y Litigaci\u00f3n | Echeverr\u00eda Farriols Abogados\",\"isPartOf\":{\"@id\":\"https:\\\/\\\/echeverriafarriols.com\\\/#website\"},\"primaryImageOfPage\":{\"@id\":\"https:\\\/\\\/echeverriafarriols.com\\\/asesoria-juridica-o-litigacion\\\/#primaryimage\"},\"image\":{\"@id\":\"https:\\\/\\\/echeverriafarriols.com\\\/asesoria-juridica-o-litigacion\\\/#primaryimage\"},\"thumbnailUrl\":\"https:\\\/\\\/echeverriafarriols.com\\\/wp-content\\\/uploads\\\/2025\\\/03\\\/leyes-corporativas-150x150.png\",\"datePublished\":\"2025-03-19T16:01:41+00:00\",\"dateModified\":\"2025-08-01T11:42:59+00:00\",\"description\":\"Defiende tus derechos con nuestro equipo experto en asesor\u00eda jur\u00eddica y litigaci\u00f3n. Representaci\u00f3n legal efectiva en procedimientos judiciales.\",\"breadcrumb\":{\"@id\":\"https:\\\/\\\/echeverriafarriols.com\\\/asesoria-juridica-o-litigacion\\\/#breadcrumb\"},\"inLanguage\":\"en-GB\",\"potentialAction\":[{\"@type\":\"ReadAction\",\"target\":[\"https:\\\/\\\/echeverriafarriols.com\\\/asesoria-juridica-o-litigacion\\\/\"]}]},{\"@type\":\"ImageObject\",\"inLanguage\":\"en-GB\",\"@id\":\"https:\\\/\\\/echeverriafarriols.com\\\/asesoria-juridica-o-litigacion\\\/#primaryimage\",\"url\":\"https:\\\/\\\/echeverriafarriols.com\\\/wp-content\\\/uploads\\\/2025\\\/03\\\/leyes-corporativas-150x150.png\",\"contentUrl\":\"https:\\\/\\\/echeverriafarriols.com\\\/wp-content\\\/uploads\\\/2025\\\/03\\\/leyes-corporativas-150x150.png\"},{\"@type\":\"BreadcrumbList\",\"@id\":\"https:\\\/\\\/echeverriafarriols.com\\\/asesoria-juridica-o-litigacion\\\/#breadcrumb\",\"itemListElement\":[{\"@type\":\"ListItem\",\"position\":1,\"name\":\"Portada\",\"item\":\"https:\\\/\\\/echeverriafarriols.com\\\/\"},{\"@type\":\"ListItem\",\"position\":2,\"name\":\"\u00bfAsesor\u00eda Jur\u00eddica o Litigaci\u00f3n?\"}]},{\"@type\":\"WebSite\",\"@id\":\"https:\\\/\\\/echeverriafarriols.com\\\/#website\",\"url\":\"https:\\\/\\\/echeverriafarriols.com\\\/\",\"name\":\"Echeverr\u00eda Farriols\",\"description\":\"Asesor\u00eda jur\u00eddica integral a personas y empresas\",\"publisher\":{\"@id\":\"https:\\\/\\\/echeverriafarriols.com\\\/#organization\"},\"potentialAction\":[{\"@type\":\"SearchAction\",\"target\":{\"@type\":\"EntryPoint\",\"urlTemplate\":\"https:\\\/\\\/echeverriafarriols.com\\\/?s={search_term_string}\"},\"query-input\":{\"@type\":\"PropertyValueSpecification\",\"valueRequired\":true,\"valueName\":\"search_term_string\"}}],\"inLanguage\":\"en-GB\"},{\"@type\":\"Organization\",\"@id\":\"https:\\\/\\\/echeverriafarriols.com\\\/#organization\",\"name\":\"Echeverria Farriols\",\"url\":\"https:\\\/\\\/echeverriafarriols.com\\\/\",\"logo\":{\"@type\":\"ImageObject\",\"inLanguage\":\"en-GB\",\"@id\":\"https:\\\/\\\/echeverriafarriols.com\\\/#\\\/schema\\\/logo\\\/image\\\/\",\"url\":\"https:\\\/\\\/echeverriafarriols.com\\\/wp-content\\\/uploads\\\/2024\\\/11\\\/Logo-principal89@4x.png\",\"contentUrl\":\"https:\\\/\\\/echeverriafarriols.com\\\/wp-content\\\/uploads\\\/2024\\\/11\\\/Logo-principal89@4x.png\",\"width\":798,\"height\":494,\"caption\":\"Echeverria Farriols\"},\"image\":{\"@id\":\"https:\\\/\\\/echeverriafarriols.com\\\/#\\\/schema\\\/logo\\\/image\\\/\"},\"sameAs\":[\"https:\\\/\\\/www.instagram.com\\\/mariecheverriaj\\\/\",\"https:\\\/\\\/www.linkedin.com\\\/in\\\/maripoupee\\\/?originalSubdomain=es\"]}]}<\/script>\n<!-- \/ Yoast SEO plugin. -->","yoast_head_json":{"title":"Legal Consultancy and Litigation | Echeverr\u00eda Farriols Abogados","description":"Defend your rights with our expert legal advice and litigation team. Effective legal representation in court proceedings.","robots":{"index":"index","follow":"follow","max-snippet":"max-snippet:-1","max-image-preview":"max-image-preview:large","max-video-preview":"max-video-preview:-1"},"canonical":"https:\/\/echeverriafarriols.com\/en\/asesoria-juridica-o-litigacion\/","og_locale":"en_GB","og_type":"article","og_title":"Asesor\u00eda Jur\u00eddica y Litigaci\u00f3n | Echeverr\u00eda Farriols Abogados","og_description":"Defiende tus derechos con nuestro equipo experto en asesor\u00eda jur\u00eddica y litigaci\u00f3n. Representaci\u00f3n legal efectiva en procedimientos judiciales.","og_url":"https:\/\/echeverriafarriols.com\/en\/asesoria-juridica-o-litigacion\/","og_site_name":"Echeverria Farriols","article_modified_time":"2025-08-01T11:42:59+00:00","og_image":[{"url":"https:\/\/echeverriafarriols.com\/wp-content\/uploads\/2025\/03\/leyes-corporativas-150x150.png","type":"","width":"","height":""}],"twitter_card":"summary_large_image","twitter_misc":{"Estimated reading time":"2 minutes"},"schema":{"@context":"https:\/\/schema.org","@graph":[{"@type":"WebPage","@id":"https:\/\/echeverriafarriols.com\/asesoria-juridica-o-litigacion\/","url":"https:\/\/echeverriafarriols.com\/asesoria-juridica-o-litigacion\/","name":"Legal Consultancy and Litigation | Echeverr\u00eda Farriols Abogados","isPartOf":{"@id":"https:\/\/echeverriafarriols.com\/#website"},"primaryImageOfPage":{"@id":"https:\/\/echeverriafarriols.com\/asesoria-juridica-o-litigacion\/#primaryimage"},"image":{"@id":"https:\/\/echeverriafarriols.com\/asesoria-juridica-o-litigacion\/#primaryimage"},"thumbnailUrl":"https:\/\/echeverriafarriols.com\/wp-content\/uploads\/2025\/03\/leyes-corporativas-150x150.png","datePublished":"2025-03-19T16:01:41+00:00","dateModified":"2025-08-01T11:42:59+00:00","description":"Defend your rights with our expert legal advice and litigation team. Effective legal representation in court proceedings.","breadcrumb":{"@id":"https:\/\/echeverriafarriols.com\/asesoria-juridica-o-litigacion\/#breadcrumb"},"inLanguage":"en-GB","potentialAction":[{"@type":"ReadAction","target":["https:\/\/echeverriafarriols.com\/asesoria-juridica-o-litigacion\/"]}]},{"@type":"ImageObject","inLanguage":"en-GB","@id":"https:\/\/echeverriafarriols.com\/asesoria-juridica-o-litigacion\/#primaryimage","url":"https:\/\/echeverriafarriols.com\/wp-content\/uploads\/2025\/03\/leyes-corporativas-150x150.png","contentUrl":"https:\/\/echeverriafarriols.com\/wp-content\/uploads\/2025\/03\/leyes-corporativas-150x150.png"},{"@type":"BreadcrumbList","@id":"https:\/\/echeverriafarriols.com\/asesoria-juridica-o-litigacion\/#breadcrumb","itemListElement":[{"@type":"ListItem","position":1,"name":"Portada","item":"https:\/\/echeverriafarriols.com\/"},{"@type":"ListItem","position":2,"name":"\u00bfAsesor\u00eda Jur\u00eddica o Litigaci\u00f3n?"}]},{"@type":"WebSite","@id":"https:\/\/echeverriafarriols.com\/#website","url":"https:\/\/echeverriafarriols.com\/","name":"Echeverr\u00eda Farriols","description":"Comprehensive legal advice to individuals and companies","publisher":{"@id":"https:\/\/echeverriafarriols.com\/#organization"},"potentialAction":[{"@type":"SearchAction","target":{"@type":"EntryPoint","urlTemplate":"https:\/\/echeverriafarriols.com\/?s={search_term_string}"},"query-input":{"@type":"PropertyValueSpecification","valueRequired":true,"valueName":"search_term_string"}}],"inLanguage":"en-GB"},{"@type":"Organization","@id":"https:\/\/echeverriafarriols.com\/#organization","name":"Echeverria Farriols","url":"https:\/\/echeverriafarriols.com\/","logo":{"@type":"ImageObject","inLanguage":"en-GB","@id":"https:\/\/echeverriafarriols.com\/#\/schema\/logo\/image\/","url":"https:\/\/echeverriafarriols.com\/wp-content\/uploads\/2024\/11\/Logo-principal89@4x.png","contentUrl":"https:\/\/echeverriafarriols.com\/wp-content\/uploads\/2024\/11\/Logo-principal89@4x.png","width":798,"height":494,"caption":"Echeverria Farriols"},"image":{"@id":"https:\/\/echeverriafarriols.com\/#\/schema\/logo\/image\/"},"sameAs":["https:\/\/www.instagram.com\/mariecheverriaj\/","https:\/\/www.linkedin.com\/in\/maripoupee\/?originalSubdomain=es"]}]}},"_links":{"self":[{"href":"https:\/\/echeverriafarriols.com\/en\/wp-json\/wp\/v2\/pages\/1092","targetHints":{"allow":["GET"]}}],"collection":[{"href":"https:\/\/echeverriafarriols.com\/en\/wp-json\/wp\/v2\/pages"}],"about":[{"href":"https:\/\/echeverriafarriols.com\/en\/wp-json\/wp\/v2\/types\/page"}],"author":[{"embeddable":true,"href":"https:\/\/echeverriafarriols.com\/en\/wp-json\/wp\/v2\/users\/8"}],"replies":[{"embeddable":true,"href":"https:\/\/echeverriafarriols.com\/en\/wp-json\/wp\/v2\/comments?post=1092"}],"version-history":[{"count":53,"href":"https:\/\/echeverriafarriols.com\/en\/wp-json\/wp\/v2\/pages\/1092\/revisions"}],"predecessor-version":[{"id":2039,"href":"https:\/\/echeverriafarriols.com\/en\/wp-json\/wp\/v2\/pages\/1092\/revisions\/2039"}],"wp:attachment":[{"href":"https:\/\/echeverriafarriols.com\/en\/wp-json\/wp\/v2\/media?parent=1092"}],"curies":[{"name":"wp","href":"https:\/\/api.w.org\/{rel}","templated":true}]}}