{"id":1080,"date":"2025-04-16T12:56:40","date_gmt":"2025-04-16T11:56:40","guid":{"rendered":"https:\/\/echeverriafarriols.com\/?page_id=1080"},"modified":"2025-08-01T12:22:08","modified_gmt":"2025-08-01T11:22:08","slug":"estudiar-o-prorrogar","status":"publish","type":"page","link":"https:\/\/echeverriafarriols.com\/en\/estudiar-o-prorrogar\/","title":{"rendered":"Study or extend?"},"content":{"rendered":"<div data-elementor-type=\"wp-page\" data-elementor-id=\"1080\" class=\"elementor elementor-1080\" data-elementor-post-type=\"page\">\n\t\t\t\t<div class=\"elementor-element elementor-element-a26badb e-con-full e-flex e-con e-parent\" data-id=\"a26badb\" data-element_type=\"container\" data-e-type=\"container\">\n\t\t\t\t<div class=\"elementor-element elementor-element-3d54f97 elementor-widget elementor-widget-heading\" data-id=\"3d54f97\" data-element_type=\"widget\" data-e-type=\"widget\" data-widget_type=\"heading.default\">\n\t\t\t\t<div class=\"elementor-widget-container\">\n\t\t\t\t\t<h2 class=\"elementor-heading-title elementor-size-default\">Study or extend?<\/h2>\t\t\t\t<\/div>\n\t\t\t\t<\/div>\n\t\t\t\t<\/div>\n\t\t<div class=\"elementor-element elementor-element-36765a0 e-flex e-con-boxed e-con e-parent\" data-id=\"36765a0\" data-element_type=\"container\" data-e-type=\"container\">\n\t\t\t\t\t<div class=\"e-con-inner\">\n\t\t<div class=\"elementor-element elementor-element-bf99490 e-flex e-con-boxed e-con e-child\" data-id=\"bf99490\" data-element_type=\"container\" data-e-type=\"container\">\n\t\t\t\t\t<div class=\"e-con-inner\">\n\t\t\t\t<div class=\"elementor-element elementor-element-beff7c6 elementor-widget elementor-widget-heading\" data-id=\"beff7c6\" data-element_type=\"widget\" data-e-type=\"widget\" data-widget_type=\"heading.default\">\n\t\t\t\t<div class=\"elementor-widget-container\">\n\t\t\t\t\t<h2 class=\"elementor-heading-title elementor-size-default\">STUDY VISIT<\/h2>\t\t\t\t<\/div>\n\t\t\t\t<\/div>\n\t\t\t\t<div class=\"elementor-element elementor-element-4312588 elementor-position-inline-start elementor-view-default elementor-mobile-position-block-start elementor-widget elementor-widget-icon-box\" data-id=\"4312588\" data-element_type=\"widget\" data-e-type=\"widget\" data-widget_type=\"icon-box.default\">\n\t\t\t\t<div class=\"elementor-widget-container\">\n\t\t\t\t\t\t\t<div class=\"elementor-icon-box-wrapper\">\n\n\t\t\t\t\t\t<div class=\"elementor-icon-box-icon\">\n\t\t\t\t<span  class=\"elementor-icon\">\n\t\t\t\t<i aria-hidden=\"true\" class=\"fas fa-balance-scale\"><\/i>\t\t\t\t<\/span>\n\t\t\t<\/div>\n\t\t\t\n\t\t\t\t\t\t<div class=\"elementor-icon-box-content\">\n\n\t\t\t\t\n\t\t\t\t\t\t\t\t\t<p class=\"elementor-icon-box-description\">\n\t\t\t\t\t\t<b>WHAT IS IT?<\/b>\n\t\t\t\t\t<\/p>\n\t\t\t\t\n\t\t\t<\/div>\n\t\t\t\n\t\t<\/div>\n\t\t\t\t\t\t<\/div>\n\t\t\t\t<\/div>\n\t\t\t\t<div class=\"elementor-element elementor-element-812994f elementor-widget elementor-widget-text-editor\" data-id=\"812994f\" data-element_type=\"widget\" data-e-type=\"widget\" data-widget_type=\"text-editor.default\">\n\t\t\t\t<div class=\"elementor-widget-container\">\n\t\t\t\t\t\t\t\t\t<p class=\"p1\">It is a <b>authorisation to stay in Spain for a period exceeding ninety days<\/b> for the completion or extension of studies in an approved teaching centre in Spain, in a full-time programme, leading to the <b>obtaining a degree or certificate of studies<\/b>.<\/p>\t\t\t\t\t\t\t\t<\/div>\n\t\t\t\t<\/div>\n\t\t\t\t<div class=\"elementor-element elementor-element-f7fbec6 elementor-position-inline-start elementor-view-default elementor-mobile-position-block-start elementor-widget elementor-widget-icon-box\" data-id=\"f7fbec6\" data-element_type=\"widget\" data-e-type=\"widget\" data-widget_type=\"icon-box.default\">\n\t\t\t\t<div class=\"elementor-widget-container\">\n\t\t\t\t\t\t\t<div class=\"elementor-icon-box-wrapper\">\n\n\t\t\t\t\t\t<div class=\"elementor-icon-box-icon\">\n\t\t\t\t<span  class=\"elementor-icon\">\n\t\t\t\t<i aria-hidden=\"true\" class=\"fas fa-check\"><\/i>\t\t\t\t<\/span>\n\t\t\t<\/div>\n\t\t\t\n\t\t\t\t\t\t<div class=\"elementor-icon-box-content\">\n\n\t\t\t\t\n\t\t\t\t\t\t\t\t\t<p class=\"elementor-icon-box-description\">\n\t\t\t\t\t\t<b>NEWS<\/b><br>\n\t\t\t\t\t<\/p>\n\t\t\t\t\n\t\t\t<\/div>\n\t\t\t\n\t\t<\/div>\n\t\t\t\t\t\t<\/div>\n\t\t\t\t<\/div>\n\t\t\t\t<div class=\"elementor-element elementor-element-66eb402 elementor-widget elementor-widget-text-editor\" data-id=\"66eb402\" data-element_type=\"widget\" data-e-type=\"widget\" data-widget_type=\"text-editor.default\">\n\t\t\t\t<div class=\"elementor-widget-container\">\n\t\t\t\t\t\t\t\t\t<ul class=\"ul1\"><li class=\"li1\"><b>Family members of students may apply for their residence permit from Spain.<\/b>without the need to apply at the Consulate.<\/li><li class=\"li1\"><b>Applications from Spain only:<\/b><span class=\"Apple-converted-space\">\u00a0<\/span><ul class=\"ul1\"><li class=\"li1\">Students from <b>higher education<\/b>.<\/li><li class=\"li1\">Those undertaking training which provides <b>certificate of technical aptitude or professional qualification<\/b>.<\/li><li class=\"li1\">Students in <b>health specialisation programmes<\/b>.<\/li><\/ul><\/li><li class=\"li1\">For other modalities of study, the application must be processed through the <b>Spanish Consulate<\/b> in the country of residence.<\/li><\/ul>\t\t\t\t\t\t\t\t<\/div>\n\t\t\t\t<\/div>\n\t\t\t\t\t<\/div>\n\t\t\t\t<\/div>\n\t\t\t\t\t<\/div>\n\t\t\t\t<\/div>\n\t\t<div class=\"elementor-element elementor-element-34e10ed e-flex e-con-boxed e-con e-parent\" data-id=\"34e10ed\" data-element_type=\"container\" data-e-type=\"container\">\n\t\t\t\t\t<div class=\"e-con-inner\">\n\t\t<div class=\"elementor-element elementor-element-4a0ff1d e-flex e-con-boxed e-con e-child\" data-id=\"4a0ff1d\" data-element_type=\"container\" data-e-type=\"container\">\n\t\t\t\t\t<div class=\"e-con-inner\">\n\t\t\t\t<div class=\"elementor-element elementor-element-b7cdcb9 elementor-widget elementor-widget-heading\" data-id=\"b7cdcb9\" data-element_type=\"widget\" data-e-type=\"widget\" data-widget_type=\"heading.default\">\n\t\t\t\t<div class=\"elementor-widget-container\">\n\t\t\t\t\t<h2 class=\"elementor-heading-title elementor-size-default\">Extension of Stay for Studies in Spain: What you need to know\n<\/h2>\t\t\t\t<\/div>\n\t\t\t\t<\/div>\n\t\t\t\t<div class=\"elementor-element elementor-element-dcd29ef elementor-widget elementor-widget-text-editor\" data-id=\"dcd29ef\" data-element_type=\"widget\" data-e-type=\"widget\" data-widget_type=\"text-editor.default\">\n\t\t\t\t<div class=\"elementor-widget-container\">\n\t\t\t\t\t\t\t\t\t<p class=\"p1\">If you are studying in Spain and you need to continue your studies, you can <b>apply for the extension of your residence permit<\/b>. This extension allows you to continue residing legally while you continue your training, internship, voluntary work or academic exchange.<\/p>\t\t\t\t\t\t\t\t<\/div>\n\t\t\t\t<\/div>\n\t\t\t\t<div class=\"elementor-element elementor-element-aeefc0c elementor-position-inline-start elementor-view-default elementor-mobile-position-block-start elementor-widget elementor-widget-icon-box\" data-id=\"aeefc0c\" data-element_type=\"widget\" data-e-type=\"widget\" data-widget_type=\"icon-box.default\">\n\t\t\t\t<div class=\"elementor-widget-container\">\n\t\t\t\t\t\t\t<div class=\"elementor-icon-box-wrapper\">\n\n\t\t\t\t\t\t<div class=\"elementor-icon-box-icon\">\n\t\t\t\t<span  class=\"elementor-icon\">\n\t\t\t\t<i aria-hidden=\"true\" class=\"far fa-hourglass\"><\/i>\t\t\t\t<\/span>\n\t\t\t<\/div>\n\t\t\t\n\t\t\t\t\t\t<div class=\"elementor-icon-box-content\">\n\n\t\t\t\t\n\t\t\t\t\t\t\t\t\t<p class=\"elementor-icon-box-description\">\n\t\t\t\t\t\t<b>DEADLINE FOR APPLICATION<\/b>\n\t\t\t\t\t<\/p>\n\t\t\t\t\n\t\t\t<\/div>\n\t\t\t\n\t\t<\/div>\n\t\t\t\t\t\t<\/div>\n\t\t\t\t<\/div>\n\t\t\t\t<div class=\"elementor-element elementor-element-64d5a02 elementor-widget elementor-widget-text-editor\" data-id=\"64d5a02\" data-element_type=\"widget\" data-e-type=\"widget\" data-widget_type=\"text-editor.default\">\n\t\t\t\t<div class=\"elementor-widget-container\">\n\t\t\t\t\t\t\t\t\t<p class=\"p1\">You must submit the application <b>within 60 days prior to expiry<\/b> of your current stay. You can also <b>up to 90 days later<\/b>However, this may entail penalties.<\/p>\t\t\t\t\t\t\t\t<\/div>\n\t\t\t\t<\/div>\n\t\t\t\t<div class=\"elementor-element elementor-element-c32f7a1 elementor-position-inline-start elementor-view-default elementor-mobile-position-block-start elementor-widget elementor-widget-icon-box\" data-id=\"c32f7a1\" data-element_type=\"widget\" data-e-type=\"widget\" data-widget_type=\"icon-box.default\">\n\t\t\t\t<div class=\"elementor-widget-container\">\n\t\t\t\t\t\t\t<div class=\"elementor-icon-box-wrapper\">\n\n\t\t\t\t\t\t<div class=\"elementor-icon-box-icon\">\n\t\t\t\t<span  class=\"elementor-icon\">\n\t\t\t\t<i aria-hidden=\"true\" class=\"fas fa-check\"><\/i>\t\t\t\t<\/span>\n\t\t\t<\/div>\n\t\t\t\n\t\t\t\t\t\t<div class=\"elementor-icon-box-content\">\n\n\t\t\t\t\n\t\t\t\t\t\t\t\t\t<p class=\"elementor-icon-box-description\">\n\t\t\t\t\t\t<b>MAIN REQUIREMENTS<\/b>\n\t\t\t\t\t<\/p>\n\t\t\t\t\n\t\t\t<\/div>\n\t\t\t\n\t\t<\/div>\n\t\t\t\t\t\t<\/div>\n\t\t\t\t<\/div>\n\t\t\t\t<div class=\"elementor-element elementor-element-de29a2f elementor-widget elementor-widget-text-editor\" data-id=\"de29a2f\" data-element_type=\"widget\" data-e-type=\"widget\" data-widget_type=\"text-editor.default\">\n\t\t\t\t<div class=\"elementor-widget-container\">\n\t\t\t\t\t\t\t\t\t<p class=\"p1\">For the extension to be granted, you need to provide proof:<\/p><ul class=\"ul1\"><li class=\"li2\">That you have <b>passed the previous studies<\/b> o met the training objectives.<\/li><li class=\"li2\">That you have <b>sufficient financial means<\/b> to stay in Spain during the new period of stay.<\/li><li class=\"li2\">That you have <b>health insurance<\/b> that covers your entire stay.<\/li><li class=\"li2\">That you have <b>enrolled or admitted<\/b> in a new official curriculum.<\/li><li class=\"li2\">No criminal record or prohibition to enter Spain.<\/li><\/ul>\t\t\t\t\t\t\t\t<\/div>\n\t\t\t\t<\/div>\n\t\t\t\t\t<\/div>\n\t\t\t\t<\/div>\n\t\t\t\t\t<\/div>\n\t\t\t\t<\/div>\n\t\t<div class=\"elementor-element elementor-element-2a7e417 e-flex e-con-boxed e-con e-parent\" data-id=\"2a7e417\" data-element_type=\"container\" data-e-type=\"container\">\n\t\t\t\t\t<div class=\"e-con-inner\">\n\t\t\t\t<div class=\"elementor-element elementor-element-fb35019 elementor-position-left elementor-vertical-align-middle elementor-widget elementor-widget-image-box\" data-id=\"fb35019\" data-element_type=\"widget\" data-e-type=\"widget\" data-widget_type=\"image-box.default\">\n\t\t\t\t<div class=\"elementor-widget-container\">\n\t\t\t\t\t<div class=\"elementor-image-box-wrapper\"><figure class=\"elementor-image-box-img\"><img decoding=\"async\" width=\"150\" height=\"150\" src=\"https:\/\/echeverriafarriols.com\/wp-content\/uploads\/2025\/03\/leyes-corporativas-150x150.png\" class=\"attachment-thumbnail size-thumbnail wp-image-1110\" alt=\"\" srcset=\"https:\/\/echeverriafarriols.com\/wp-content\/uploads\/2025\/03\/leyes-corporativas-150x150.png 150w, https:\/\/echeverriafarriols.com\/wp-content\/uploads\/2025\/03\/leyes-corporativas-300x300.png 300w, https:\/\/echeverriafarriols.com\/wp-content\/uploads\/2025\/03\/leyes-corporativas.png 512w\" sizes=\"(max-width: 150px) 100vw, 150px\" \/><\/figure><div class=\"elementor-image-box-content\"><p class=\"elementor-image-box-description\">At <b>Echeverr\u00eda Farriols Lawyers &amp; Associates<\/b>we help you with the entire legal process of the extension: review of documents, filing, monitoring of the file and resolution of incidents. <br>\n<br>\nForget about paperwork and avoid mistakes that could jeopardise your legal stay in Spain.<br>\n<br>\n<b>Contact us and extend your stay with peace of mind and legal support.<\/b>\n<\/p><\/div><\/div>\t\t\t\t<\/div>\n\t\t\t\t<\/div>\n\t\t\t\t<div class=\"elementor-element elementor-element-c6db9e2 elementor-align-center elementor-widget elementor-widget-button\" data-id=\"c6db9e2\" data-element_type=\"widget\" data-e-type=\"widget\" data-widget_type=\"button.default\">\n\t\t\t\t<div class=\"elementor-widget-container\">\n\t\t\t\t\t\t\t\t\t<div class=\"elementor-button-wrapper\">\n\t\t\t\t\t<a class=\"elementor-button elementor-button-link elementor-size-sm\" href=\"https:\/\/echeverriafarriols.com\/en\/contacto\/\">\n\t\t\t\t\t\t<span class=\"elementor-button-content-wrapper\">\n\t\t\t\t\t\t\t\t\t<span class=\"elementor-button-text\">Contact<\/span>\n\t\t\t\t\t<\/span>\n\t\t\t\t\t<\/a>\n\t\t\t\t<\/div>\n\t\t\t\t\t\t\t\t<\/div>\n\t\t\t\t<\/div>\n\t\t\t\t\t<\/div>\n\t\t\t\t<\/div>\n\t\t<div class=\"elementor-element elementor-element-7183dee e-con-full e-flex e-con e-parent\" data-id=\"7183dee\" data-element_type=\"container\" data-e-type=\"container\">\n\t\t\t\t<div class=\"elementor-element elementor-element-e1ccd86 elementor-widget-divider--view-line elementor-widget elementor-widget-divider\" data-id=\"e1ccd86\" data-element_type=\"widget\" data-e-type=\"widget\" data-widget_type=\"divider.default\">\n\t\t\t\t<div class=\"elementor-widget-container\">\n\t\t\t\t\t\t\t<div class=\"elementor-divider\">\n\t\t\t<span class=\"elementor-divider-separator\">\n\t\t\t\t\t\t<\/span>\n\t\t<\/div>\n\t\t\t\t\t\t<\/div>\n\t\t\t\t<\/div>\n\t\t\t\t<\/div>\n\t\t\t\t<\/div>","protected":false},"excerpt":{"rendered":"<p>To study or to extend? STUDY STAY, WHAT IS IT? It is an authorisation to stay in Spain for a period of more than ninety days to carry out or extend studies in an authorised educational centre in Spain, in a full-time programme, leading to the award of a degree or certificate ... <a title=\"Study or extend?\" class=\"read-more\" href=\"https:\/\/echeverriafarriols.com\/en\/estudiar-o-prorrogar\/\" aria-label=\"Read more about Study or defer?\">Read more<\/a><\/p>","protected":false},"author":8,"featured_media":0,"parent":0,"menu_order":0,"comment_status":"closed","ping_status":"closed","template":"elementor_header_footer","meta":{"pgc_sgb_lightbox_settings":"","footnotes":""},"class_list":["post-1080","page","type-page","status-publish"],"yoast_head":"<!-- This site is optimized with the Yoast SEO plugin v27.5 - https:\/\/yoast.com\/product\/yoast-seo-wordpress\/ -->\n<title>Autorizaci\u00f3n de estudios en Espa\u00f1a \u2013 Residencia para estudiantes<\/title>\n<meta name=\"description\" content=\"Consigue tu estancia de estudios en Espa\u00f1a f\u00e1cilmente. Asesoramos en pr\u00f3rrogas, requisitos y documentaci\u00f3n necesaria.\" \/>\n<meta name=\"robots\" content=\"index, follow, max-snippet:-1, max-image-preview:large, max-video-preview:-1\" \/>\n<link rel=\"canonical\" href=\"https:\/\/echeverriafarriols.com\/en\/estudiar-o-prorrogar\/\" \/>\n<meta property=\"og:locale\" content=\"en_GB\" \/>\n<meta property=\"og:type\" content=\"article\" \/>\n<meta property=\"og:title\" content=\"Autorizaci\u00f3n de estudios en Espa\u00f1a \u2013 Residencia para estudiantes\" \/>\n<meta property=\"og:description\" content=\"Consigue tu estancia de estudios en Espa\u00f1a f\u00e1cilmente. Asesoramos en pr\u00f3rrogas, requisitos y documentaci\u00f3n necesaria.\" \/>\n<meta property=\"og:url\" content=\"https:\/\/echeverriafarriols.com\/en\/estudiar-o-prorrogar\/\" \/>\n<meta property=\"og:site_name\" content=\"Echeverria Farriols\" \/>\n<meta property=\"article:modified_time\" content=\"2025-08-01T11:22:08+00:00\" \/>\n<meta property=\"og:image\" content=\"https:\/\/echeverriafarriols.com\/wp-content\/uploads\/2025\/03\/leyes-corporativas-150x150.png\" \/>\n<meta name=\"twitter:card\" content=\"summary_large_image\" \/>\n<meta name=\"twitter:label1\" content=\"Estimated reading time\" \/>\n\t<meta name=\"twitter:data1\" content=\"2 minutes\" \/>\n<script type=\"application\/ld+json\" class=\"yoast-schema-graph\">{\"@context\":\"https:\\\/\\\/schema.org\",\"@graph\":[{\"@type\":\"WebPage\",\"@id\":\"https:\\\/\\\/echeverriafarriols.com\\\/estudiar-o-prorrogar\\\/\",\"url\":\"https:\\\/\\\/echeverriafarriols.com\\\/estudiar-o-prorrogar\\\/\",\"name\":\"Autorizaci\u00f3n de estudios en Espa\u00f1a \u2013 Residencia para estudiantes\",\"isPartOf\":{\"@id\":\"https:\\\/\\\/echeverriafarriols.com\\\/#website\"},\"primaryImageOfPage\":{\"@id\":\"https:\\\/\\\/echeverriafarriols.com\\\/estudiar-o-prorrogar\\\/#primaryimage\"},\"image\":{\"@id\":\"https:\\\/\\\/echeverriafarriols.com\\\/estudiar-o-prorrogar\\\/#primaryimage\"},\"thumbnailUrl\":\"https:\\\/\\\/echeverriafarriols.com\\\/wp-content\\\/uploads\\\/2025\\\/03\\\/leyes-corporativas-150x150.png\",\"datePublished\":\"2025-04-16T11:56:40+00:00\",\"dateModified\":\"2025-08-01T11:22:08+00:00\",\"description\":\"Consigue tu estancia de estudios en Espa\u00f1a f\u00e1cilmente. Asesoramos en pr\u00f3rrogas, requisitos y documentaci\u00f3n necesaria.\",\"breadcrumb\":{\"@id\":\"https:\\\/\\\/echeverriafarriols.com\\\/estudiar-o-prorrogar\\\/#breadcrumb\"},\"inLanguage\":\"en-GB\",\"potentialAction\":[{\"@type\":\"ReadAction\",\"target\":[\"https:\\\/\\\/echeverriafarriols.com\\\/estudiar-o-prorrogar\\\/\"]}]},{\"@type\":\"ImageObject\",\"inLanguage\":\"en-GB\",\"@id\":\"https:\\\/\\\/echeverriafarriols.com\\\/estudiar-o-prorrogar\\\/#primaryimage\",\"url\":\"https:\\\/\\\/echeverriafarriols.com\\\/wp-content\\\/uploads\\\/2025\\\/03\\\/leyes-corporativas-150x150.png\",\"contentUrl\":\"https:\\\/\\\/echeverriafarriols.com\\\/wp-content\\\/uploads\\\/2025\\\/03\\\/leyes-corporativas-150x150.png\"},{\"@type\":\"BreadcrumbList\",\"@id\":\"https:\\\/\\\/echeverriafarriols.com\\\/estudiar-o-prorrogar\\\/#breadcrumb\",\"itemListElement\":[{\"@type\":\"ListItem\",\"position\":1,\"name\":\"Portada\",\"item\":\"https:\\\/\\\/echeverriafarriols.com\\\/\"},{\"@type\":\"ListItem\",\"position\":2,\"name\":\"\u00bfEstudiar o prorrogar?\"}]},{\"@type\":\"WebSite\",\"@id\":\"https:\\\/\\\/echeverriafarriols.com\\\/#website\",\"url\":\"https:\\\/\\\/echeverriafarriols.com\\\/\",\"name\":\"Echeverr\u00eda Farriols\",\"description\":\"Asesor\u00eda jur\u00eddica integral a personas y empresas\",\"publisher\":{\"@id\":\"https:\\\/\\\/echeverriafarriols.com\\\/#organization\"},\"potentialAction\":[{\"@type\":\"SearchAction\",\"target\":{\"@type\":\"EntryPoint\",\"urlTemplate\":\"https:\\\/\\\/echeverriafarriols.com\\\/?s={search_term_string}\"},\"query-input\":{\"@type\":\"PropertyValueSpecification\",\"valueRequired\":true,\"valueName\":\"search_term_string\"}}],\"inLanguage\":\"en-GB\"},{\"@type\":\"Organization\",\"@id\":\"https:\\\/\\\/echeverriafarriols.com\\\/#organization\",\"name\":\"Echeverria Farriols\",\"url\":\"https:\\\/\\\/echeverriafarriols.com\\\/\",\"logo\":{\"@type\":\"ImageObject\",\"inLanguage\":\"en-GB\",\"@id\":\"https:\\\/\\\/echeverriafarriols.com\\\/#\\\/schema\\\/logo\\\/image\\\/\",\"url\":\"https:\\\/\\\/echeverriafarriols.com\\\/wp-content\\\/uploads\\\/2024\\\/11\\\/Logo-principal89@4x.png\",\"contentUrl\":\"https:\\\/\\\/echeverriafarriols.com\\\/wp-content\\\/uploads\\\/2024\\\/11\\\/Logo-principal89@4x.png\",\"width\":798,\"height\":494,\"caption\":\"Echeverria Farriols\"},\"image\":{\"@id\":\"https:\\\/\\\/echeverriafarriols.com\\\/#\\\/schema\\\/logo\\\/image\\\/\"},\"sameAs\":[\"https:\\\/\\\/www.instagram.com\\\/mariecheverriaj\\\/\",\"https:\\\/\\\/www.linkedin.com\\\/in\\\/maripoupee\\\/?originalSubdomain=es\"]}]}<\/script>\n<!-- \/ Yoast SEO plugin. -->","yoast_head_json":{"title":"Authorisation to study in Spain - Residence permit for students","description":"Get your study stay in Spain easily. We advise on extensions, requirements and necessary documentation.","robots":{"index":"index","follow":"follow","max-snippet":"max-snippet:-1","max-image-preview":"max-image-preview:large","max-video-preview":"max-video-preview:-1"},"canonical":"https:\/\/echeverriafarriols.com\/en\/estudiar-o-prorrogar\/","og_locale":"en_GB","og_type":"article","og_title":"Autorizaci\u00f3n de estudios en Espa\u00f1a \u2013 Residencia para estudiantes","og_description":"Consigue tu estancia de estudios en Espa\u00f1a f\u00e1cilmente. Asesoramos en pr\u00f3rrogas, requisitos y documentaci\u00f3n necesaria.","og_url":"https:\/\/echeverriafarriols.com\/en\/estudiar-o-prorrogar\/","og_site_name":"Echeverria Farriols","article_modified_time":"2025-08-01T11:22:08+00:00","og_image":[{"url":"https:\/\/echeverriafarriols.com\/wp-content\/uploads\/2025\/03\/leyes-corporativas-150x150.png","type":"","width":"","height":""}],"twitter_card":"summary_large_image","twitter_misc":{"Estimated reading time":"2 minutes"},"schema":{"@context":"https:\/\/schema.org","@graph":[{"@type":"WebPage","@id":"https:\/\/echeverriafarriols.com\/estudiar-o-prorrogar\/","url":"https:\/\/echeverriafarriols.com\/estudiar-o-prorrogar\/","name":"Authorisation to study in Spain - Residence permit for students","isPartOf":{"@id":"https:\/\/echeverriafarriols.com\/#website"},"primaryImageOfPage":{"@id":"https:\/\/echeverriafarriols.com\/estudiar-o-prorrogar\/#primaryimage"},"image":{"@id":"https:\/\/echeverriafarriols.com\/estudiar-o-prorrogar\/#primaryimage"},"thumbnailUrl":"https:\/\/echeverriafarriols.com\/wp-content\/uploads\/2025\/03\/leyes-corporativas-150x150.png","datePublished":"2025-04-16T11:56:40+00:00","dateModified":"2025-08-01T11:22:08+00:00","description":"Get your study stay in Spain easily. We advise on extensions, requirements and necessary documentation.","breadcrumb":{"@id":"https:\/\/echeverriafarriols.com\/estudiar-o-prorrogar\/#breadcrumb"},"inLanguage":"en-GB","potentialAction":[{"@type":"ReadAction","target":["https:\/\/echeverriafarriols.com\/estudiar-o-prorrogar\/"]}]},{"@type":"ImageObject","inLanguage":"en-GB","@id":"https:\/\/echeverriafarriols.com\/estudiar-o-prorrogar\/#primaryimage","url":"https:\/\/echeverriafarriols.com\/wp-content\/uploads\/2025\/03\/leyes-corporativas-150x150.png","contentUrl":"https:\/\/echeverriafarriols.com\/wp-content\/uploads\/2025\/03\/leyes-corporativas-150x150.png"},{"@type":"BreadcrumbList","@id":"https:\/\/echeverriafarriols.com\/estudiar-o-prorrogar\/#breadcrumb","itemListElement":[{"@type":"ListItem","position":1,"name":"Portada","item":"https:\/\/echeverriafarriols.com\/"},{"@type":"ListItem","position":2,"name":"\u00bfEstudiar o prorrogar?"}]},{"@type":"WebSite","@id":"https:\/\/echeverriafarriols.com\/#website","url":"https:\/\/echeverriafarriols.com\/","name":"Echeverr\u00eda Farriols","description":"Comprehensive legal advice to individuals and companies","publisher":{"@id":"https:\/\/echeverriafarriols.com\/#organization"},"potentialAction":[{"@type":"SearchAction","target":{"@type":"EntryPoint","urlTemplate":"https:\/\/echeverriafarriols.com\/?s={search_term_string}"},"query-input":{"@type":"PropertyValueSpecification","valueRequired":true,"valueName":"search_term_string"}}],"inLanguage":"en-GB"},{"@type":"Organization","@id":"https:\/\/echeverriafarriols.com\/#organization","name":"Echeverria Farriols","url":"https:\/\/echeverriafarriols.com\/","logo":{"@type":"ImageObject","inLanguage":"en-GB","@id":"https:\/\/echeverriafarriols.com\/#\/schema\/logo\/image\/","url":"https:\/\/echeverriafarriols.com\/wp-content\/uploads\/2024\/11\/Logo-principal89@4x.png","contentUrl":"https:\/\/echeverriafarriols.com\/wp-content\/uploads\/2024\/11\/Logo-principal89@4x.png","width":798,"height":494,"caption":"Echeverria Farriols"},"image":{"@id":"https:\/\/echeverriafarriols.com\/#\/schema\/logo\/image\/"},"sameAs":["https:\/\/www.instagram.com\/mariecheverriaj\/","https:\/\/www.linkedin.com\/in\/maripoupee\/?originalSubdomain=es"]}]}},"_links":{"self":[{"href":"https:\/\/echeverriafarriols.com\/en\/wp-json\/wp\/v2\/pages\/1080","targetHints":{"allow":["GET"]}}],"collection":[{"href":"https:\/\/echeverriafarriols.com\/en\/wp-json\/wp\/v2\/pages"}],"about":[{"href":"https:\/\/echeverriafarriols.com\/en\/wp-json\/wp\/v2\/types\/page"}],"author":[{"embeddable":true,"href":"https:\/\/echeverriafarriols.com\/en\/wp-json\/wp\/v2\/users\/8"}],"replies":[{"embeddable":true,"href":"https:\/\/echeverriafarriols.com\/en\/wp-json\/wp\/v2\/comments?post=1080"}],"version-history":[{"count":16,"href":"https:\/\/echeverriafarriols.com\/en\/wp-json\/wp\/v2\/pages\/1080\/revisions"}],"predecessor-version":[{"id":1964,"href":"https:\/\/echeverriafarriols.com\/en\/wp-json\/wp\/v2\/pages\/1080\/revisions\/1964"}],"wp:attachment":[{"href":"https:\/\/echeverriafarriols.com\/en\/wp-json\/wp\/v2\/media?parent=1080"}],"curies":[{"name":"wp","href":"https:\/\/api.w.org\/{rel}","templated":true}]}}